{"id":864,"date":"2019-11-28T11:42:47","date_gmt":"2019-11-28T10:42:47","guid":{"rendered":"https:\/\/weprint3.de\/?page_id=864"},"modified":"2020-06-09T15:34:37","modified_gmt":"2020-06-09T13:34:37","slug":"rapid-development","status":"publish","type":"page","link":"https:\/\/weprint3.de\/index.php\/rapid-development\/","title":{"rendered":"Rapid Development"},"content":{"rendered":"\n<p><img loading=\"lazy\" decoding=\"async\" width=\"1280\" height=\"1024\" class=\"wp-image-109\" style=\"width: 300px; float: right ; margin-left: 15px; margin-top: -5px; \" src=\"https:\/\/weprint3.de\/wp-content\/uploads\/2016\/08\/met1org-1.jpg\" alt=\"met1org\" srcset=\"https:\/\/weprint3.de\/wp-content\/uploads\/2016\/08\/met1org-1.jpg 1280w, https:\/\/weprint3.de\/wp-content\/uploads\/2016\/08\/met1org-1-300x240.jpg 300w, https:\/\/weprint3.de\/wp-content\/uploads\/2016\/08\/met1org-1-768x614.jpg 768w, https:\/\/weprint3.de\/wp-content\/uploads\/2016\/08\/met1org-1-1024x819.jpg 1024w, https:\/\/weprint3.de\/wp-content\/uploads\/2016\/08\/met1org-1-32x26.jpg 32w\" sizes=\"auto, (max-width: 1280px) 100vw, 1280px\" \/>\n\nDer Begriff &#8222;Rapid Development&#8220; ist zu einem wichtigen Begriff in der Produktentwicklung geworden.<br>Damit das nicht zu Lasten der Qualit\u00e4t geht, ist der 3D-Druck das Mittel der Wahl.<\/p>\n\n\n\n<p>Ihre 3D-Druckteile sollen gestern fertig werden? (fast) kein Problem!<br> Je nach Druckverfahren, Gr\u00f6\u00dfe und Komplexit\u00e4t ist es durchaus m\u00f6glich morgens die Druckdaten zu senden und abends am Nachhauseweg das fertige Bauteil mitzunehmen.<br>Bundesweite Expresslieferungen erm\u00f6glichen meist eine Lieferung am n\u00e4chsten Arbeitstag.  <\/p>\n","protected":false},"excerpt":{"rendered":"<p>Der Begriff &#8222;Rapid Development&#8220; ist zu einem wichtigen Begriff in der Produktentwicklung geworden.Damit das nicht zu Lasten der Qualit\u00e4t geht, ist der 3D-Druck das Mittel der Wahl. Ihre 3D-Druckteile sollen gestern fertig werden? (fast) kein Problem! Je nach Druckverfahren, Gr\u00f6\u00dfe &hellip; <a href=\"https:\/\/weprint3.de\/index.php\/rapid-development\/\"><br \/>Zu dieser Seite wechseln <span class=\"meta-nav\">&rarr;<\/span><\/a><\/p>\n","protected":false},"author":2,"featured_media":0,"parent":0,"menu_order":0,"comment_status":"closed","ping_status":"closed","template":"","meta":{"footnotes":""},"class_list":["post-864","page","type-page","status-publish","hentry"],"yoast_head":"<!-- This site is optimized with the Yoast SEO plugin v27.4 - https:\/\/yoast.com\/product\/yoast-seo-wordpress\/ -->\r\n<title>Rapid Development - Die 3D-Druck Profis<\/title>\r\n<meta name=\"description\" content=\"\u201eRapid Development\u201c - Damit dies nicht mit Einbu\u00dfen der Qualit\u00e4t geht, ist der 3D-Druck das Mittel der Wahl - bei WePrint3.de den 3D-Druck Profis\" \/>\r\n<meta name=\"robots\" content=\"index, follow, max-snippet:-1, max-image-preview:large, max-video-preview:-1\" \/>\r\n<link rel=\"canonical\" href=\"https:\/\/weprint3.de\/index.php\/rapid-development\/\" \/>\r\n<meta property=\"og:locale\" content=\"de_DE\" \/>\r\n<meta property=\"og:type\" content=\"article\" \/>\r\n<meta property=\"og:title\" content=\"Rapid Development - Die 3D-Druck Profis\" \/>\r\n<meta property=\"og:description\" content=\"\u201eRapid Development\u201c - Damit dies nicht mit Einbu\u00dfen der Qualit\u00e4t geht, ist der 3D-Druck das Mittel der Wahl - bei WePrint3.de den 3D-Druck Profis\" \/>\r\n<meta property=\"og:url\" content=\"https:\/\/weprint3.de\/index.php\/rapid-development\/\" \/>\r\n<meta property=\"article:modified_time\" content=\"2020-06-09T13:34:37+00:00\" \/>\r\n<meta property=\"og:image\" content=\"https:\/\/weprint3.de\/wp-content\/uploads\/2016\/08\/met1org-1.jpg\" \/>\r\n\t<meta property=\"og:image:width\" content=\"1280\" \/>\r\n\t<meta property=\"og:image:height\" content=\"1024\" \/>\r\n\t<meta property=\"og:image:type\" content=\"image\/jpeg\" \/>\r\n<meta name=\"twitter:card\" content=\"summary_large_image\" \/>\r\n<script type=\"application\/ld+json\" class=\"yoast-schema-graph\">{\"@context\":\"https:\\\/\\\/schema.org\",\"@graph\":[{\"@type\":\"WebPage\",\"@id\":\"https:\\\/\\\/weprint3.de\\\/index.php\\\/rapid-development\\\/\",\"url\":\"https:\\\/\\\/weprint3.de\\\/index.php\\\/rapid-development\\\/\",\"name\":\"Rapid Development - Die 3D-Druck Profis\",\"isPartOf\":{\"@id\":\"https:\\\/\\\/weprint3.de\\\/#website\"},\"primaryImageOfPage\":{\"@id\":\"https:\\\/\\\/weprint3.de\\\/index.php\\\/rapid-development\\\/#primaryimage\"},\"image\":{\"@id\":\"https:\\\/\\\/weprint3.de\\\/index.php\\\/rapid-development\\\/#primaryimage\"},\"thumbnailUrl\":\"https:\\\/\\\/weprint3.de\\\/wp-content\\\/uploads\\\/2016\\\/08\\\/met1org-1.jpg\",\"datePublished\":\"2019-11-28T10:42:47+00:00\",\"dateModified\":\"2020-06-09T13:34:37+00:00\",\"description\":\"\u201eRapid Development\u201c - Damit dies nicht mit Einbu\u00dfen der Qualit\u00e4t geht, ist der 3D-Druck das Mittel der Wahl - bei WePrint3.de den 3D-Druck Profis\",\"breadcrumb\":{\"@id\":\"https:\\\/\\\/weprint3.de\\\/index.php\\\/rapid-development\\\/#breadcrumb\"},\"inLanguage\":\"de\",\"potentialAction\":[{\"@type\":\"ReadAction\",\"target\":[\"https:\\\/\\\/weprint3.de\\\/index.php\\\/rapid-development\\\/\"]}]},{\"@type\":\"ImageObject\",\"inLanguage\":\"de\",\"@id\":\"https:\\\/\\\/weprint3.de\\\/index.php\\\/rapid-development\\\/#primaryimage\",\"url\":\"https:\\\/\\\/weprint3.de\\\/wp-content\\\/uploads\\\/2016\\\/08\\\/met1org-1.jpg\",\"contentUrl\":\"https:\\\/\\\/weprint3.de\\\/wp-content\\\/uploads\\\/2016\\\/08\\\/met1org-1.jpg\",\"width\":1280,\"height\":1024,\"caption\":\"Halterung\"},{\"@type\":\"BreadcrumbList\",\"@id\":\"https:\\\/\\\/weprint3.de\\\/index.php\\\/rapid-development\\\/#breadcrumb\",\"itemListElement\":[{\"@type\":\"ListItem\",\"position\":1,\"name\":\"Startseite\",\"item\":\"https:\\\/\\\/weprint3.de\\\/\"},{\"@type\":\"ListItem\",\"position\":2,\"name\":\"Rapid Development\"}]},{\"@type\":\"WebSite\",\"@id\":\"https:\\\/\\\/weprint3.de\\\/#website\",\"url\":\"https:\\\/\\\/weprint3.de\\\/\",\"name\":\"WePrint3.De\",\"description\":\"\",\"publisher\":{\"@id\":\"https:\\\/\\\/weprint3.de\\\/#organization\"},\"potentialAction\":[{\"@type\":\"SearchAction\",\"target\":{\"@type\":\"EntryPoint\",\"urlTemplate\":\"https:\\\/\\\/weprint3.de\\\/?s={search_term_string}\"},\"query-input\":{\"@type\":\"PropertyValueSpecification\",\"valueRequired\":true,\"valueName\":\"search_term_string\"}}],\"inLanguage\":\"de\"},{\"@type\":\"Organization\",\"@id\":\"https:\\\/\\\/weprint3.de\\\/#organization\",\"name\":\"WePrint3.De\",\"url\":\"https:\\\/\\\/weprint3.de\\\/\",\"logo\":{\"@type\":\"ImageObject\",\"inLanguage\":\"de\",\"@id\":\"https:\\\/\\\/weprint3.de\\\/#\\\/schema\\\/logo\\\/image\\\/\",\"url\":\"https:\\\/\\\/weprint3.de\\\/wp-content\\\/uploads\\\/2019\\\/11\\\/W.png\",\"contentUrl\":\"https:\\\/\\\/weprint3.de\\\/wp-content\\\/uploads\\\/2019\\\/11\\\/W.png\",\"width\":90,\"height\":87,\"caption\":\"WePrint3.De\"},\"image\":{\"@id\":\"https:\\\/\\\/weprint3.de\\\/#\\\/schema\\\/logo\\\/image\\\/\"}}]}<\/script>\r\n<!-- \/ Yoast SEO plugin. -->","yoast_head_json":{"title":"Rapid Development - Die 3D-Druck Profis","description":"\u201eRapid Development\u201c - Damit dies nicht mit Einbu\u00dfen der Qualit\u00e4t geht, ist der 3D-Druck das Mittel der Wahl - bei WePrint3.de den 3D-Druck Profis","robots":{"index":"index","follow":"follow","max-snippet":"max-snippet:-1","max-image-preview":"max-image-preview:large","max-video-preview":"max-video-preview:-1"},"canonical":"https:\/\/weprint3.de\/index.php\/rapid-development\/","og_locale":"de_DE","og_type":"article","og_title":"Rapid Development - Die 3D-Druck Profis","og_description":"\u201eRapid Development\u201c - Damit dies nicht mit Einbu\u00dfen der Qualit\u00e4t geht, ist der 3D-Druck das Mittel der Wahl - bei WePrint3.de den 3D-Druck Profis","og_url":"https:\/\/weprint3.de\/index.php\/rapid-development\/","article_modified_time":"2020-06-09T13:34:37+00:00","og_image":[{"width":1280,"height":1024,"url":"https:\/\/weprint3.de\/wp-content\/uploads\/2016\/08\/met1org-1.jpg","type":"image\/jpeg"}],"twitter_card":"summary_large_image","schema":{"@context":"https:\/\/schema.org","@graph":[{"@type":"WebPage","@id":"https:\/\/weprint3.de\/index.php\/rapid-development\/","url":"https:\/\/weprint3.de\/index.php\/rapid-development\/","name":"Rapid Development - Die 3D-Druck Profis","isPartOf":{"@id":"https:\/\/weprint3.de\/#website"},"primaryImageOfPage":{"@id":"https:\/\/weprint3.de\/index.php\/rapid-development\/#primaryimage"},"image":{"@id":"https:\/\/weprint3.de\/index.php\/rapid-development\/#primaryimage"},"thumbnailUrl":"https:\/\/weprint3.de\/wp-content\/uploads\/2016\/08\/met1org-1.jpg","datePublished":"2019-11-28T10:42:47+00:00","dateModified":"2020-06-09T13:34:37+00:00","description":"\u201eRapid Development\u201c - Damit dies nicht mit Einbu\u00dfen der Qualit\u00e4t geht, ist der 3D-Druck das Mittel der Wahl - bei WePrint3.de den 3D-Druck Profis","breadcrumb":{"@id":"https:\/\/weprint3.de\/index.php\/rapid-development\/#breadcrumb"},"inLanguage":"de","potentialAction":[{"@type":"ReadAction","target":["https:\/\/weprint3.de\/index.php\/rapid-development\/"]}]},{"@type":"ImageObject","inLanguage":"de","@id":"https:\/\/weprint3.de\/index.php\/rapid-development\/#primaryimage","url":"https:\/\/weprint3.de\/wp-content\/uploads\/2016\/08\/met1org-1.jpg","contentUrl":"https:\/\/weprint3.de\/wp-content\/uploads\/2016\/08\/met1org-1.jpg","width":1280,"height":1024,"caption":"Halterung"},{"@type":"BreadcrumbList","@id":"https:\/\/weprint3.de\/index.php\/rapid-development\/#breadcrumb","itemListElement":[{"@type":"ListItem","position":1,"name":"Startseite","item":"https:\/\/weprint3.de\/"},{"@type":"ListItem","position":2,"name":"Rapid Development"}]},{"@type":"WebSite","@id":"https:\/\/weprint3.de\/#website","url":"https:\/\/weprint3.de\/","name":"WePrint3.De","description":"","publisher":{"@id":"https:\/\/weprint3.de\/#organization"},"potentialAction":[{"@type":"SearchAction","target":{"@type":"EntryPoint","urlTemplate":"https:\/\/weprint3.de\/?s={search_term_string}"},"query-input":{"@type":"PropertyValueSpecification","valueRequired":true,"valueName":"search_term_string"}}],"inLanguage":"de"},{"@type":"Organization","@id":"https:\/\/weprint3.de\/#organization","name":"WePrint3.De","url":"https:\/\/weprint3.de\/","logo":{"@type":"ImageObject","inLanguage":"de","@id":"https:\/\/weprint3.de\/#\/schema\/logo\/image\/","url":"https:\/\/weprint3.de\/wp-content\/uploads\/2019\/11\/W.png","contentUrl":"https:\/\/weprint3.de\/wp-content\/uploads\/2019\/11\/W.png","width":90,"height":87,"caption":"WePrint3.De"},"image":{"@id":"https:\/\/weprint3.de\/#\/schema\/logo\/image\/"}}]}},"_links":{"self":[{"href":"https:\/\/weprint3.de\/index.php\/wp-json\/wp\/v2\/pages\/864","targetHints":{"allow":["GET"]}}],"collection":[{"href":"https:\/\/weprint3.de\/index.php\/wp-json\/wp\/v2\/pages"}],"about":[{"href":"https:\/\/weprint3.de\/index.php\/wp-json\/wp\/v2\/types\/page"}],"author":[{"embeddable":true,"href":"https:\/\/weprint3.de\/index.php\/wp-json\/wp\/v2\/users\/2"}],"replies":[{"embeddable":true,"href":"https:\/\/weprint3.de\/index.php\/wp-json\/wp\/v2\/comments?post=864"}],"version-history":[{"count":0,"href":"https:\/\/weprint3.de\/index.php\/wp-json\/wp\/v2\/pages\/864\/revisions"}],"wp:attachment":[{"href":"https:\/\/weprint3.de\/index.php\/wp-json\/wp\/v2\/media?parent=864"}],"curies":[{"name":"wp","href":"https:\/\/api.w.org\/{rel}","templated":true}]}}