{"id":853,"date":"2019-11-28T11:35:49","date_gmt":"2019-11-28T10:35:49","guid":{"rendered":"https:\/\/weprint3.de\/?page_id=853"},"modified":"2020-02-25T14:04:26","modified_gmt":"2020-02-25T13:04:26","slug":"selektives-lasersintern-kunststoff-sls","status":"publish","type":"page","link":"https:\/\/weprint3.de\/index.php\/selektives-lasersintern-kunststoff-sls\/","title":{"rendered":"Selektives Lasersintern Kunststoff (SLS)"},"content":{"rendered":"\n<p>Dieses Verfahren wird auch \u201ePulverbettverfahren\u201c genannt, da hier ein Pulver Schicht f\u00fcr Schicht mit einem Laser aufgeschmolzen und \u201everbacken\u201c wird.<br> Dieses Verfahren ben\u00f6tigt keinerlei St\u00fctzkonstruktionen und hat daher als einziges Verfahren v\u00f6llige Formfreiheit.<\/p>\n\n\n\n<p><strong><u>Anwendungsgebiete:<\/u><\/strong><br>Filigrane Teile<br>Gleichbleibende Qualit\u00e4t<br>Gleichm\u00e4\u00dfige, leicht raue Oberfl\u00e4che<\/p>\n\n\n\n<p><strong><u>Vorteile:<\/u><\/strong><br> Hohe Z\u00e4higkeit<br> V\u00f6llige Formfreiheit<\/p>\n\n\n\n<p><strong><u>Nachteile:<\/u><\/strong><br> Kosten<br> Geringere Materialauswahl<\/p>\n\n\n\n<p><u><strong>Materialien<\/strong><\/u><br>\n<a href=\"\/index.php\/materialien#SLSKunststoff\">Hier finden Sie eine Liste der Materialien<\/a><\/p>\n\n\n\n<p><\/p>\n","protected":false},"excerpt":{"rendered":"<p>Dieses Verfahren wird auch \u201ePulverbettverfahren\u201c genannt, da hier ein Pulver Schicht f\u00fcr Schicht mit einem Laser aufgeschmolzen und \u201everbacken\u201c wird. Dieses Verfahren ben\u00f6tigt keinerlei St\u00fctzkonstruktionen und hat daher als einziges Verfahren v\u00f6llige Formfreiheit. Anwendungsgebiete:Filigrane TeileGleichbleibende Qualit\u00e4tGleichm\u00e4\u00dfige, leicht raue Oberfl\u00e4che Vorteile: &hellip; <a href=\"https:\/\/weprint3.de\/index.php\/selektives-lasersintern-kunststoff-sls\/\"><br \/>Zu dieser Seite wechseln <span class=\"meta-nav\">&rarr;<\/span><\/a><\/p>\n","protected":false},"author":2,"featured_media":0,"parent":0,"menu_order":0,"comment_status":"closed","ping_status":"closed","template":"","meta":{"footnotes":""},"class_list":["post-853","page","type-page","status-publish","hentry"],"yoast_head":"<!-- This site is optimized with the Yoast SEO plugin v27.4 - https:\/\/yoast.com\/product\/yoast-seo-wordpress\/ -->\r\n<title>Selektives Lasersintern Kunststoff (SLS) -<\/title>\r\n<meta name=\"robots\" content=\"index, follow, max-snippet:-1, max-image-preview:large, max-video-preview:-1\" \/>\r\n<link rel=\"canonical\" href=\"https:\/\/weprint3.de\/index.php\/selektives-lasersintern-kunststoff-sls\/\" \/>\r\n<meta property=\"og:locale\" content=\"de_DE\" \/>\r\n<meta property=\"og:type\" content=\"article\" \/>\r\n<meta property=\"og:title\" content=\"Selektives Lasersintern Kunststoff (SLS) -\" \/>\r\n<meta property=\"og:description\" content=\"Dieses Verfahren wird auch \u201ePulverbettverfahren\u201c genannt, da hier ein Pulver Schicht f\u00fcr Schicht mit einem Laser aufgeschmolzen und \u201everbacken\u201c wird. Dieses Verfahren ben\u00f6tigt keinerlei St\u00fctzkonstruktionen und hat daher als einziges Verfahren v\u00f6llige Formfreiheit. Anwendungsgebiete:Filigrane TeileGleichbleibende Qualit\u00e4tGleichm\u00e4\u00dfige, leicht raue Oberfl\u00e4che Vorteile: &hellip; Zu dieser Seite wechseln &rarr;\" \/>\r\n<meta property=\"og:url\" content=\"https:\/\/weprint3.de\/index.php\/selektives-lasersintern-kunststoff-sls\/\" \/>\r\n<meta property=\"article:modified_time\" content=\"2020-02-25T13:04:26+00:00\" \/>\r\n<meta name=\"twitter:card\" content=\"summary_large_image\" \/>\r\n<script type=\"application\/ld+json\" class=\"yoast-schema-graph\">{\"@context\":\"https:\\\/\\\/schema.org\",\"@graph\":[{\"@type\":\"WebPage\",\"@id\":\"https:\\\/\\\/weprint3.de\\\/index.php\\\/selektives-lasersintern-kunststoff-sls\\\/\",\"url\":\"https:\\\/\\\/weprint3.de\\\/index.php\\\/selektives-lasersintern-kunststoff-sls\\\/\",\"name\":\"Selektives Lasersintern Kunststoff (SLS) -\",\"isPartOf\":{\"@id\":\"https:\\\/\\\/weprint3.de\\\/#website\"},\"datePublished\":\"2019-11-28T10:35:49+00:00\",\"dateModified\":\"2020-02-25T13:04:26+00:00\",\"breadcrumb\":{\"@id\":\"https:\\\/\\\/weprint3.de\\\/index.php\\\/selektives-lasersintern-kunststoff-sls\\\/#breadcrumb\"},\"inLanguage\":\"de\",\"potentialAction\":[{\"@type\":\"ReadAction\",\"target\":[\"https:\\\/\\\/weprint3.de\\\/index.php\\\/selektives-lasersintern-kunststoff-sls\\\/\"]}]},{\"@type\":\"BreadcrumbList\",\"@id\":\"https:\\\/\\\/weprint3.de\\\/index.php\\\/selektives-lasersintern-kunststoff-sls\\\/#breadcrumb\",\"itemListElement\":[{\"@type\":\"ListItem\",\"position\":1,\"name\":\"Startseite\",\"item\":\"https:\\\/\\\/weprint3.de\\\/\"},{\"@type\":\"ListItem\",\"position\":2,\"name\":\"Selektives Lasersintern Kunststoff (SLS)\"}]},{\"@type\":\"WebSite\",\"@id\":\"https:\\\/\\\/weprint3.de\\\/#website\",\"url\":\"https:\\\/\\\/weprint3.de\\\/\",\"name\":\"WePrint3.De\",\"description\":\"\",\"publisher\":{\"@id\":\"https:\\\/\\\/weprint3.de\\\/#organization\"},\"potentialAction\":[{\"@type\":\"SearchAction\",\"target\":{\"@type\":\"EntryPoint\",\"urlTemplate\":\"https:\\\/\\\/weprint3.de\\\/?s={search_term_string}\"},\"query-input\":{\"@type\":\"PropertyValueSpecification\",\"valueRequired\":true,\"valueName\":\"search_term_string\"}}],\"inLanguage\":\"de\"},{\"@type\":\"Organization\",\"@id\":\"https:\\\/\\\/weprint3.de\\\/#organization\",\"name\":\"WePrint3.De\",\"url\":\"https:\\\/\\\/weprint3.de\\\/\",\"logo\":{\"@type\":\"ImageObject\",\"inLanguage\":\"de\",\"@id\":\"https:\\\/\\\/weprint3.de\\\/#\\\/schema\\\/logo\\\/image\\\/\",\"url\":\"https:\\\/\\\/weprint3.de\\\/wp-content\\\/uploads\\\/2019\\\/11\\\/W.png\",\"contentUrl\":\"https:\\\/\\\/weprint3.de\\\/wp-content\\\/uploads\\\/2019\\\/11\\\/W.png\",\"width\":90,\"height\":87,\"caption\":\"WePrint3.De\"},\"image\":{\"@id\":\"https:\\\/\\\/weprint3.de\\\/#\\\/schema\\\/logo\\\/image\\\/\"}}]}<\/script>\r\n<!-- \/ Yoast SEO plugin. -->","yoast_head_json":{"title":"Selektives Lasersintern Kunststoff (SLS) -","robots":{"index":"index","follow":"follow","max-snippet":"max-snippet:-1","max-image-preview":"max-image-preview:large","max-video-preview":"max-video-preview:-1"},"canonical":"https:\/\/weprint3.de\/index.php\/selektives-lasersintern-kunststoff-sls\/","og_locale":"de_DE","og_type":"article","og_title":"Selektives Lasersintern Kunststoff (SLS) -","og_description":"Dieses Verfahren wird auch \u201ePulverbettverfahren\u201c genannt, da hier ein Pulver Schicht f\u00fcr Schicht mit einem Laser aufgeschmolzen und \u201everbacken\u201c wird. Dieses Verfahren ben\u00f6tigt keinerlei St\u00fctzkonstruktionen und hat daher als einziges Verfahren v\u00f6llige Formfreiheit. Anwendungsgebiete:Filigrane TeileGleichbleibende Qualit\u00e4tGleichm\u00e4\u00dfige, leicht raue Oberfl\u00e4che Vorteile: &hellip; Zu dieser Seite wechseln &rarr;","og_url":"https:\/\/weprint3.de\/index.php\/selektives-lasersintern-kunststoff-sls\/","article_modified_time":"2020-02-25T13:04:26+00:00","twitter_card":"summary_large_image","schema":{"@context":"https:\/\/schema.org","@graph":[{"@type":"WebPage","@id":"https:\/\/weprint3.de\/index.php\/selektives-lasersintern-kunststoff-sls\/","url":"https:\/\/weprint3.de\/index.php\/selektives-lasersintern-kunststoff-sls\/","name":"Selektives Lasersintern Kunststoff (SLS) -","isPartOf":{"@id":"https:\/\/weprint3.de\/#website"},"datePublished":"2019-11-28T10:35:49+00:00","dateModified":"2020-02-25T13:04:26+00:00","breadcrumb":{"@id":"https:\/\/weprint3.de\/index.php\/selektives-lasersintern-kunststoff-sls\/#breadcrumb"},"inLanguage":"de","potentialAction":[{"@type":"ReadAction","target":["https:\/\/weprint3.de\/index.php\/selektives-lasersintern-kunststoff-sls\/"]}]},{"@type":"BreadcrumbList","@id":"https:\/\/weprint3.de\/index.php\/selektives-lasersintern-kunststoff-sls\/#breadcrumb","itemListElement":[{"@type":"ListItem","position":1,"name":"Startseite","item":"https:\/\/weprint3.de\/"},{"@type":"ListItem","position":2,"name":"Selektives Lasersintern Kunststoff (SLS)"}]},{"@type":"WebSite","@id":"https:\/\/weprint3.de\/#website","url":"https:\/\/weprint3.de\/","name":"WePrint3.De","description":"","publisher":{"@id":"https:\/\/weprint3.de\/#organization"},"potentialAction":[{"@type":"SearchAction","target":{"@type":"EntryPoint","urlTemplate":"https:\/\/weprint3.de\/?s={search_term_string}"},"query-input":{"@type":"PropertyValueSpecification","valueRequired":true,"valueName":"search_term_string"}}],"inLanguage":"de"},{"@type":"Organization","@id":"https:\/\/weprint3.de\/#organization","name":"WePrint3.De","url":"https:\/\/weprint3.de\/","logo":{"@type":"ImageObject","inLanguage":"de","@id":"https:\/\/weprint3.de\/#\/schema\/logo\/image\/","url":"https:\/\/weprint3.de\/wp-content\/uploads\/2019\/11\/W.png","contentUrl":"https:\/\/weprint3.de\/wp-content\/uploads\/2019\/11\/W.png","width":90,"height":87,"caption":"WePrint3.De"},"image":{"@id":"https:\/\/weprint3.de\/#\/schema\/logo\/image\/"}}]}},"_links":{"self":[{"href":"https:\/\/weprint3.de\/index.php\/wp-json\/wp\/v2\/pages\/853","targetHints":{"allow":["GET"]}}],"collection":[{"href":"https:\/\/weprint3.de\/index.php\/wp-json\/wp\/v2\/pages"}],"about":[{"href":"https:\/\/weprint3.de\/index.php\/wp-json\/wp\/v2\/types\/page"}],"author":[{"embeddable":true,"href":"https:\/\/weprint3.de\/index.php\/wp-json\/wp\/v2\/users\/2"}],"replies":[{"embeddable":true,"href":"https:\/\/weprint3.de\/index.php\/wp-json\/wp\/v2\/comments?post=853"}],"version-history":[{"count":0,"href":"https:\/\/weprint3.de\/index.php\/wp-json\/wp\/v2\/pages\/853\/revisions"}],"wp:attachment":[{"href":"https:\/\/weprint3.de\/index.php\/wp-json\/wp\/v2\/media?parent=853"}],"curies":[{"name":"wp","href":"https:\/\/api.w.org\/{rel}","templated":true}]}}