{"id":74,"date":"2016-08-26T20:37:27","date_gmt":"2016-08-26T18:37:27","guid":{"rendered":"https:\/\/weprint3.de\/?page_id=74"},"modified":"2020-03-10T15:10:51","modified_gmt":"2020-03-10T14:10:51","slug":"beratung","status":"publish","type":"page","link":"https:\/\/weprint3.de\/index.php\/beratung\/","title":{"rendered":"Beratung"},"content":{"rendered":"<p><strong>Vom Wunsch zum fertigen 3D-Modell<\/strong><\/p>\n<p>Als Dienstleister im Bereich des 3D-Drucks haben wir es uns zum Ziel gesetzt, auf Ihre Problemstellung eine individuelle L\u00f6sung zu entwickeln.<br \/>Wir bieten Ihnen daher L\u00f6sungen entlang der Produktionskette, von der Grundidee bis hin zum fertigen Modell.<\/p>\n<ul>\n<li>Sie m\u00f6chten wissen, ob Ihre Idee grunds\u00e4tzlich realisierbar ist?<\/li>\n<li>Sie ben\u00f6tigen Hilfe beim Erstellen von 3D-Daten oder m\u00f6chte vorhandene 2D-Daten aufbereitet haben?<\/li>\n<li>Sie wissen nicht, was das f\u00fcr Ihr Modell am besten geeignete Druckverfahren ist?<\/li>\n<li>Sie m\u00f6chten sich \u00fcber die Kosten f\u00fcr den Druck informieren?<\/li>\n<\/ul>\n<p>Dann <a href=\"https:\/\/weprint3.de\/index.php\/kontaktformular\/\" rel=\"noopener noreferrer\">kontaktieren<\/a> Sie uns am besten noch heute und lassen sich kostenlos von einem unserer Experten beraten, auch bei Ihnen vor Ort.<\/p>\n\n\n<p><\/p>\n","protected":false},"excerpt":{"rendered":"<p>Vom Wunsch zum fertigen 3D-Modell Als Dienstleister im Bereich des 3D-Drucks haben wir es uns zum Ziel gesetzt, auf Ihre Problemstellung eine individuelle L\u00f6sung zu entwickeln.Wir bieten Ihnen daher L\u00f6sungen entlang der Produktionskette, von der Grundidee bis hin zum fertigen &hellip; <a href=\"https:\/\/weprint3.de\/index.php\/beratung\/\"><br \/>Zu dieser Seite wechseln <span class=\"meta-nav\">&rarr;<\/span><\/a><\/p>\n","protected":false},"author":2,"featured_media":0,"parent":0,"menu_order":0,"comment_status":"closed","ping_status":"closed","template":"","meta":{"footnotes":""},"class_list":["post-74","page","type-page","status-publish","hentry"],"yoast_head":"<!-- This site is optimized with the Yoast SEO plugin v27.4 - https:\/\/yoast.com\/product\/yoast-seo-wordpress\/ -->\r\n<title>Beratung -<\/title>\r\n<meta name=\"robots\" content=\"index, follow, max-snippet:-1, max-image-preview:large, max-video-preview:-1\" \/>\r\n<link rel=\"canonical\" href=\"https:\/\/weprint3.de\/index.php\/beratung\/\" \/>\r\n<meta property=\"og:locale\" content=\"de_DE\" \/>\r\n<meta property=\"og:type\" content=\"article\" \/>\r\n<meta property=\"og:title\" content=\"Beratung -\" \/>\r\n<meta property=\"og:description\" content=\"Vom Wunsch zum fertigen 3D-Modell Als Dienstleister im Bereich des 3D-Drucks haben wir es uns zum Ziel gesetzt, auf Ihre Problemstellung eine individuelle L\u00f6sung zu entwickeln.Wir bieten Ihnen daher L\u00f6sungen entlang der Produktionskette, von der Grundidee bis hin zum fertigen &hellip; Zu dieser Seite wechseln &rarr;\" \/>\r\n<meta property=\"og:url\" content=\"https:\/\/weprint3.de\/index.php\/beratung\/\" \/>\r\n<meta property=\"article:modified_time\" content=\"2020-03-10T14:10:51+00:00\" \/>\r\n<meta name=\"twitter:card\" content=\"summary_large_image\" \/>\r\n<meta name=\"twitter:label1\" content=\"Gesch\u00e4tzte Lesezeit\" \/>\n\t<meta name=\"twitter:data1\" content=\"1\u00a0Minute\" \/>\r\n<script type=\"application\/ld+json\" class=\"yoast-schema-graph\">{\"@context\":\"https:\\\/\\\/schema.org\",\"@graph\":[{\"@type\":\"WebPage\",\"@id\":\"https:\\\/\\\/weprint3.de\\\/index.php\\\/beratung\\\/\",\"url\":\"https:\\\/\\\/weprint3.de\\\/index.php\\\/beratung\\\/\",\"name\":\"Beratung -\",\"isPartOf\":{\"@id\":\"https:\\\/\\\/weprint3.de\\\/#website\"},\"datePublished\":\"2016-08-26T18:37:27+00:00\",\"dateModified\":\"2020-03-10T14:10:51+00:00\",\"breadcrumb\":{\"@id\":\"https:\\\/\\\/weprint3.de\\\/index.php\\\/beratung\\\/#breadcrumb\"},\"inLanguage\":\"de\",\"potentialAction\":[{\"@type\":\"ReadAction\",\"target\":[\"https:\\\/\\\/weprint3.de\\\/index.php\\\/beratung\\\/\"]}]},{\"@type\":\"BreadcrumbList\",\"@id\":\"https:\\\/\\\/weprint3.de\\\/index.php\\\/beratung\\\/#breadcrumb\",\"itemListElement\":[{\"@type\":\"ListItem\",\"position\":1,\"name\":\"Startseite\",\"item\":\"https:\\\/\\\/weprint3.de\\\/\"},{\"@type\":\"ListItem\",\"position\":2,\"name\":\"Beratung\"}]},{\"@type\":\"WebSite\",\"@id\":\"https:\\\/\\\/weprint3.de\\\/#website\",\"url\":\"https:\\\/\\\/weprint3.de\\\/\",\"name\":\"WePrint3.De\",\"description\":\"\",\"publisher\":{\"@id\":\"https:\\\/\\\/weprint3.de\\\/#organization\"},\"potentialAction\":[{\"@type\":\"SearchAction\",\"target\":{\"@type\":\"EntryPoint\",\"urlTemplate\":\"https:\\\/\\\/weprint3.de\\\/?s={search_term_string}\"},\"query-input\":{\"@type\":\"PropertyValueSpecification\",\"valueRequired\":true,\"valueName\":\"search_term_string\"}}],\"inLanguage\":\"de\"},{\"@type\":\"Organization\",\"@id\":\"https:\\\/\\\/weprint3.de\\\/#organization\",\"name\":\"WePrint3.De\",\"url\":\"https:\\\/\\\/weprint3.de\\\/\",\"logo\":{\"@type\":\"ImageObject\",\"inLanguage\":\"de\",\"@id\":\"https:\\\/\\\/weprint3.de\\\/#\\\/schema\\\/logo\\\/image\\\/\",\"url\":\"https:\\\/\\\/weprint3.de\\\/wp-content\\\/uploads\\\/2019\\\/11\\\/W.png\",\"contentUrl\":\"https:\\\/\\\/weprint3.de\\\/wp-content\\\/uploads\\\/2019\\\/11\\\/W.png\",\"width\":90,\"height\":87,\"caption\":\"WePrint3.De\"},\"image\":{\"@id\":\"https:\\\/\\\/weprint3.de\\\/#\\\/schema\\\/logo\\\/image\\\/\"}}]}<\/script>\r\n<!-- \/ Yoast SEO plugin. -->","yoast_head_json":{"title":"Beratung -","robots":{"index":"index","follow":"follow","max-snippet":"max-snippet:-1","max-image-preview":"max-image-preview:large","max-video-preview":"max-video-preview:-1"},"canonical":"https:\/\/weprint3.de\/index.php\/beratung\/","og_locale":"de_DE","og_type":"article","og_title":"Beratung -","og_description":"Vom Wunsch zum fertigen 3D-Modell Als Dienstleister im Bereich des 3D-Drucks haben wir es uns zum Ziel gesetzt, auf Ihre Problemstellung eine individuelle L\u00f6sung zu entwickeln.Wir bieten Ihnen daher L\u00f6sungen entlang der Produktionskette, von der Grundidee bis hin zum fertigen &hellip; Zu dieser Seite wechseln &rarr;","og_url":"https:\/\/weprint3.de\/index.php\/beratung\/","article_modified_time":"2020-03-10T14:10:51+00:00","twitter_card":"summary_large_image","twitter_misc":{"Gesch\u00e4tzte Lesezeit":"1\u00a0Minute"},"schema":{"@context":"https:\/\/schema.org","@graph":[{"@type":"WebPage","@id":"https:\/\/weprint3.de\/index.php\/beratung\/","url":"https:\/\/weprint3.de\/index.php\/beratung\/","name":"Beratung -","isPartOf":{"@id":"https:\/\/weprint3.de\/#website"},"datePublished":"2016-08-26T18:37:27+00:00","dateModified":"2020-03-10T14:10:51+00:00","breadcrumb":{"@id":"https:\/\/weprint3.de\/index.php\/beratung\/#breadcrumb"},"inLanguage":"de","potentialAction":[{"@type":"ReadAction","target":["https:\/\/weprint3.de\/index.php\/beratung\/"]}]},{"@type":"BreadcrumbList","@id":"https:\/\/weprint3.de\/index.php\/beratung\/#breadcrumb","itemListElement":[{"@type":"ListItem","position":1,"name":"Startseite","item":"https:\/\/weprint3.de\/"},{"@type":"ListItem","position":2,"name":"Beratung"}]},{"@type":"WebSite","@id":"https:\/\/weprint3.de\/#website","url":"https:\/\/weprint3.de\/","name":"WePrint3.De","description":"","publisher":{"@id":"https:\/\/weprint3.de\/#organization"},"potentialAction":[{"@type":"SearchAction","target":{"@type":"EntryPoint","urlTemplate":"https:\/\/weprint3.de\/?s={search_term_string}"},"query-input":{"@type":"PropertyValueSpecification","valueRequired":true,"valueName":"search_term_string"}}],"inLanguage":"de"},{"@type":"Organization","@id":"https:\/\/weprint3.de\/#organization","name":"WePrint3.De","url":"https:\/\/weprint3.de\/","logo":{"@type":"ImageObject","inLanguage":"de","@id":"https:\/\/weprint3.de\/#\/schema\/logo\/image\/","url":"https:\/\/weprint3.de\/wp-content\/uploads\/2019\/11\/W.png","contentUrl":"https:\/\/weprint3.de\/wp-content\/uploads\/2019\/11\/W.png","width":90,"height":87,"caption":"WePrint3.De"},"image":{"@id":"https:\/\/weprint3.de\/#\/schema\/logo\/image\/"}}]}},"_links":{"self":[{"href":"https:\/\/weprint3.de\/index.php\/wp-json\/wp\/v2\/pages\/74","targetHints":{"allow":["GET"]}}],"collection":[{"href":"https:\/\/weprint3.de\/index.php\/wp-json\/wp\/v2\/pages"}],"about":[{"href":"https:\/\/weprint3.de\/index.php\/wp-json\/wp\/v2\/types\/page"}],"author":[{"embeddable":true,"href":"https:\/\/weprint3.de\/index.php\/wp-json\/wp\/v2\/users\/2"}],"replies":[{"embeddable":true,"href":"https:\/\/weprint3.de\/index.php\/wp-json\/wp\/v2\/comments?post=74"}],"version-history":[{"count":0,"href":"https:\/\/weprint3.de\/index.php\/wp-json\/wp\/v2\/pages\/74\/revisions"}],"wp:attachment":[{"href":"https:\/\/weprint3.de\/index.php\/wp-json\/wp\/v2\/media?parent=74"}],"curies":[{"name":"wp","href":"https:\/\/api.w.org\/{rel}","templated":true}]}}