{"id":56,"date":"2016-08-26T20:26:53","date_gmt":"2016-08-26T18:26:53","guid":{"rendered":"https:\/\/weprint3.de\/?page_id=56"},"modified":"2025-09-22T15:48:56","modified_gmt":"2025-09-22T13:48:56","slug":"nachbearbeitung","status":"publish","type":"page","link":"https:\/\/weprint3.de\/index.php\/nachbearbeitung\/","title":{"rendered":"Nachbearbeitung"},"content":{"rendered":"<h2>Nachbearbeitung der Oberfl\u00e4che<\/h2>\n<p>&nbsp;<\/p>\n<p>Wir entfernen die zum Drucken erforderlichen St\u00fctzkonstruktionen und entgraten das Objekt.<br \/>\nDie Oberfl\u00e4chen k\u00f6nnen durch Sandstrahlen gegl\u00e4ttet und farbig oder transparent lackiert werden.<br \/>\nWeiterhin nutzen wir technische Lacke wie zum Beispiel Antistatik- oder lebensmittelechte Lacke.<br \/>\nAuch die k\u00fcnstlerische Nachbearbeitung ist m\u00f6glich (siehe &#8222;Einstein&#8220; in der Bildergalerie).<\/p>\n<p>Die M\u00f6glichkeiten der Nachbearbeitung im \u00dcberblick:<\/p>\n<ul>\n<li>Lackierung<\/li>\n<li>Entgraten<\/li>\n<li>Entfernen der St\u00fctzkonstruktion<\/li>\n<li>Gl\u00e4tten der Oberfl\u00e4che durch Sandstrahlen<\/li>\n<li>Wassertransferdruck<\/li>\n<li>Vergolden\/Versilbern<\/li>\n<\/ul>\n","protected":false},"excerpt":{"rendered":"<p>Nachbearbeitung der Oberfl\u00e4che &nbsp; Wir entfernen die zum Drucken erforderlichen St\u00fctzkonstruktionen und entgraten das Objekt. Die Oberfl\u00e4chen k\u00f6nnen durch Sandstrahlen gegl\u00e4ttet und farbig oder transparent lackiert werden. Weiterhin nutzen wir technische Lacke wie zum Beispiel Antistatik- oder lebensmittelechte Lacke. Auch &hellip; <a href=\"https:\/\/weprint3.de\/index.php\/nachbearbeitung\/\"><br \/>Zu dieser Seite wechseln <span class=\"meta-nav\">&rarr;<\/span><\/a><\/p>\n","protected":false},"author":2,"featured_media":0,"parent":0,"menu_order":0,"comment_status":"closed","ping_status":"closed","template":"","meta":{"footnotes":""},"class_list":["post-56","page","type-page","status-publish","hentry"],"yoast_head":"<!-- This site is optimized with the Yoast SEO plugin v27.4 - https:\/\/yoast.com\/product\/yoast-seo-wordpress\/ -->\r\n<title>Nachbearbeitung -<\/title>\r\n<meta name=\"robots\" content=\"index, follow, max-snippet:-1, max-image-preview:large, max-video-preview:-1\" \/>\r\n<link rel=\"canonical\" href=\"https:\/\/weprint3.de\/index.php\/nachbearbeitung\/\" \/>\r\n<meta property=\"og:locale\" content=\"de_DE\" \/>\r\n<meta property=\"og:type\" content=\"article\" \/>\r\n<meta property=\"og:title\" content=\"Nachbearbeitung -\" \/>\r\n<meta property=\"og:description\" content=\"Nachbearbeitung der Oberfl\u00e4che &nbsp; Wir entfernen die zum Drucken erforderlichen St\u00fctzkonstruktionen und entgraten das Objekt. Die Oberfl\u00e4chen k\u00f6nnen durch Sandstrahlen gegl\u00e4ttet und farbig oder transparent lackiert werden. Weiterhin nutzen wir technische Lacke wie zum Beispiel Antistatik- oder lebensmittelechte Lacke. Auch &hellip; Zu dieser Seite wechseln &rarr;\" \/>\r\n<meta property=\"og:url\" content=\"https:\/\/weprint3.de\/index.php\/nachbearbeitung\/\" \/>\r\n<meta property=\"article:modified_time\" content=\"2025-09-22T13:48:56+00:00\" \/>\r\n<meta name=\"twitter:card\" content=\"summary_large_image\" \/>\r\n<meta name=\"twitter:label1\" content=\"Gesch\u00e4tzte Lesezeit\" \/>\n\t<meta name=\"twitter:data1\" content=\"1\u00a0Minute\" \/>\r\n<script type=\"application\/ld+json\" class=\"yoast-schema-graph\">{\"@context\":\"https:\\\/\\\/schema.org\",\"@graph\":[{\"@type\":\"WebPage\",\"@id\":\"https:\\\/\\\/weprint3.de\\\/index.php\\\/nachbearbeitung\\\/\",\"url\":\"https:\\\/\\\/weprint3.de\\\/index.php\\\/nachbearbeitung\\\/\",\"name\":\"Nachbearbeitung -\",\"isPartOf\":{\"@id\":\"https:\\\/\\\/weprint3.de\\\/#website\"},\"datePublished\":\"2016-08-26T18:26:53+00:00\",\"dateModified\":\"2025-09-22T13:48:56+00:00\",\"breadcrumb\":{\"@id\":\"https:\\\/\\\/weprint3.de\\\/index.php\\\/nachbearbeitung\\\/#breadcrumb\"},\"inLanguage\":\"de\",\"potentialAction\":[{\"@type\":\"ReadAction\",\"target\":[\"https:\\\/\\\/weprint3.de\\\/index.php\\\/nachbearbeitung\\\/\"]}]},{\"@type\":\"BreadcrumbList\",\"@id\":\"https:\\\/\\\/weprint3.de\\\/index.php\\\/nachbearbeitung\\\/#breadcrumb\",\"itemListElement\":[{\"@type\":\"ListItem\",\"position\":1,\"name\":\"Startseite\",\"item\":\"https:\\\/\\\/weprint3.de\\\/\"},{\"@type\":\"ListItem\",\"position\":2,\"name\":\"Nachbearbeitung\"}]},{\"@type\":\"WebSite\",\"@id\":\"https:\\\/\\\/weprint3.de\\\/#website\",\"url\":\"https:\\\/\\\/weprint3.de\\\/\",\"name\":\"WePrint3.De\",\"description\":\"\",\"publisher\":{\"@id\":\"https:\\\/\\\/weprint3.de\\\/#organization\"},\"potentialAction\":[{\"@type\":\"SearchAction\",\"target\":{\"@type\":\"EntryPoint\",\"urlTemplate\":\"https:\\\/\\\/weprint3.de\\\/?s={search_term_string}\"},\"query-input\":{\"@type\":\"PropertyValueSpecification\",\"valueRequired\":true,\"valueName\":\"search_term_string\"}}],\"inLanguage\":\"de\"},{\"@type\":\"Organization\",\"@id\":\"https:\\\/\\\/weprint3.de\\\/#organization\",\"name\":\"WePrint3.De\",\"url\":\"https:\\\/\\\/weprint3.de\\\/\",\"logo\":{\"@type\":\"ImageObject\",\"inLanguage\":\"de\",\"@id\":\"https:\\\/\\\/weprint3.de\\\/#\\\/schema\\\/logo\\\/image\\\/\",\"url\":\"https:\\\/\\\/weprint3.de\\\/wp-content\\\/uploads\\\/2019\\\/11\\\/W.png\",\"contentUrl\":\"https:\\\/\\\/weprint3.de\\\/wp-content\\\/uploads\\\/2019\\\/11\\\/W.png\",\"width\":90,\"height\":87,\"caption\":\"WePrint3.De\"},\"image\":{\"@id\":\"https:\\\/\\\/weprint3.de\\\/#\\\/schema\\\/logo\\\/image\\\/\"}}]}<\/script>\r\n<!-- \/ Yoast SEO plugin. -->","yoast_head_json":{"title":"Nachbearbeitung -","robots":{"index":"index","follow":"follow","max-snippet":"max-snippet:-1","max-image-preview":"max-image-preview:large","max-video-preview":"max-video-preview:-1"},"canonical":"https:\/\/weprint3.de\/index.php\/nachbearbeitung\/","og_locale":"de_DE","og_type":"article","og_title":"Nachbearbeitung -","og_description":"Nachbearbeitung der Oberfl\u00e4che &nbsp; Wir entfernen die zum Drucken erforderlichen St\u00fctzkonstruktionen und entgraten das Objekt. Die Oberfl\u00e4chen k\u00f6nnen durch Sandstrahlen gegl\u00e4ttet und farbig oder transparent lackiert werden. Weiterhin nutzen wir technische Lacke wie zum Beispiel Antistatik- oder lebensmittelechte Lacke. Auch &hellip; Zu dieser Seite wechseln &rarr;","og_url":"https:\/\/weprint3.de\/index.php\/nachbearbeitung\/","article_modified_time":"2025-09-22T13:48:56+00:00","twitter_card":"summary_large_image","twitter_misc":{"Gesch\u00e4tzte Lesezeit":"1\u00a0Minute"},"schema":{"@context":"https:\/\/schema.org","@graph":[{"@type":"WebPage","@id":"https:\/\/weprint3.de\/index.php\/nachbearbeitung\/","url":"https:\/\/weprint3.de\/index.php\/nachbearbeitung\/","name":"Nachbearbeitung -","isPartOf":{"@id":"https:\/\/weprint3.de\/#website"},"datePublished":"2016-08-26T18:26:53+00:00","dateModified":"2025-09-22T13:48:56+00:00","breadcrumb":{"@id":"https:\/\/weprint3.de\/index.php\/nachbearbeitung\/#breadcrumb"},"inLanguage":"de","potentialAction":[{"@type":"ReadAction","target":["https:\/\/weprint3.de\/index.php\/nachbearbeitung\/"]}]},{"@type":"BreadcrumbList","@id":"https:\/\/weprint3.de\/index.php\/nachbearbeitung\/#breadcrumb","itemListElement":[{"@type":"ListItem","position":1,"name":"Startseite","item":"https:\/\/weprint3.de\/"},{"@type":"ListItem","position":2,"name":"Nachbearbeitung"}]},{"@type":"WebSite","@id":"https:\/\/weprint3.de\/#website","url":"https:\/\/weprint3.de\/","name":"WePrint3.De","description":"","publisher":{"@id":"https:\/\/weprint3.de\/#organization"},"potentialAction":[{"@type":"SearchAction","target":{"@type":"EntryPoint","urlTemplate":"https:\/\/weprint3.de\/?s={search_term_string}"},"query-input":{"@type":"PropertyValueSpecification","valueRequired":true,"valueName":"search_term_string"}}],"inLanguage":"de"},{"@type":"Organization","@id":"https:\/\/weprint3.de\/#organization","name":"WePrint3.De","url":"https:\/\/weprint3.de\/","logo":{"@type":"ImageObject","inLanguage":"de","@id":"https:\/\/weprint3.de\/#\/schema\/logo\/image\/","url":"https:\/\/weprint3.de\/wp-content\/uploads\/2019\/11\/W.png","contentUrl":"https:\/\/weprint3.de\/wp-content\/uploads\/2019\/11\/W.png","width":90,"height":87,"caption":"WePrint3.De"},"image":{"@id":"https:\/\/weprint3.de\/#\/schema\/logo\/image\/"}}]}},"_links":{"self":[{"href":"https:\/\/weprint3.de\/index.php\/wp-json\/wp\/v2\/pages\/56","targetHints":{"allow":["GET"]}}],"collection":[{"href":"https:\/\/weprint3.de\/index.php\/wp-json\/wp\/v2\/pages"}],"about":[{"href":"https:\/\/weprint3.de\/index.php\/wp-json\/wp\/v2\/types\/page"}],"author":[{"embeddable":true,"href":"https:\/\/weprint3.de\/index.php\/wp-json\/wp\/v2\/users\/2"}],"replies":[{"embeddable":true,"href":"https:\/\/weprint3.de\/index.php\/wp-json\/wp\/v2\/comments?post=56"}],"version-history":[{"count":0,"href":"https:\/\/weprint3.de\/index.php\/wp-json\/wp\/v2\/pages\/56\/revisions"}],"wp:attachment":[{"href":"https:\/\/weprint3.de\/index.php\/wp-json\/wp\/v2\/media?parent=56"}],"curies":[{"name":"wp","href":"https:\/\/api.w.org\/{rel}","templated":true}]}}