{"id":453,"date":"2019-09-05T09:34:37","date_gmt":"2019-09-05T07:34:37","guid":{"rendered":"https:\/\/weprint3.de\/?page_id=453"},"modified":"2025-09-22T15:39:04","modified_gmt":"2025-09-22T13:39:04","slug":"startseite","status":"publish","type":"page","link":"https:\/\/weprint3.de\/","title":{"rendered":"Willkommen bei WePrint3.De"},"content":{"rendered":"<p>&nbsp;<\/p>\n<h2 style=\"text-align: center;\">Verschiedene Druckverfahren f\u00fcr jeden Einsatzzweck das passende Verfahren<\/h2>\n<h2 style=\"text-align: center;\">Unser Angebot<\/h2>\n<div class=\"reihe\">\n<div class=\"reihe\">\n<div class=\"widget widget_text divlinks\" style=\"height: 270px;\">\n<h3 class=\"widget-title breit\"><strong>Rapid Development<\/strong><\/h3>\n<p>Immer mehr Firmen setzen auf 3D-Druck. Sie sparen dadurch Entwicklungszeit, Geld und bringen neue Produkte schneller auf den Markt. Denn die Konkurrenz schl\u00e4ft ja bekanntlich nicht.<\/p>\n<\/div>\n<\/div>\n<div class=\"widget widget_text divrechts\" style=\"height: 270px; justify-content: center; align-items: center; text-align: center; margin: auto; &gt;&lt;a href=https: \/\/weprint3.de\/index.php\/rapid-development\/;\"><a href=\"https:\/\/weprint3.de\/index.php\/rapid-development\/\"><img decoding=\"async\" class=\"size-medium wp-image-109\" style=\"border: 0;\" src=\"https:\/\/weprint3.de\/wp-content\/uploads\/2016\/08\/met1org-1-300x240.jpg\" alt=\"met1org\" width=\" 300\" height=\"240\" srcset=\"https:\/\/weprint3.de\/wp-content\/uploads\/2016\/08\/met1org-1-300x240.jpg 300w, https:\/\/weprint3.de\/wp-content\/uploads\/2016\/08\/met1org-1-768x614.jpg 768w, https:\/\/weprint3.de\/wp-content\/uploads\/2016\/08\/met1org-1-1024x819.jpg 1024w, https:\/\/weprint3.de\/wp-content\/uploads\/2016\/08\/met1org-1-32x26.jpg 32w, https:\/\/weprint3.de\/wp-content\/uploads\/2016\/08\/met1org-1.jpg 1280w\" sizes=\"(max-width: 300px) 100vw, 300px\" \/><\/a><\/div>\n<\/div>\n<div class=\"reihe\">\n<div class=\"reihe\">\n<div class=\"widget widget_text divlinks\" style=\"height: 280px; justify-content: center; align-items: center; text-align: center; margin: auto;\">\n<p><a href=\"https:\/\/weprint3.de\/index.php\/cad-service\/\"><img loading=\"lazy\" decoding=\"async\" class=\"size-medium wp-image-193\" style=\"border: 0;\" src=\"https:\/\/weprint3.de\/wp-content\/uploads\/2020\/02\/CAD-Service.jpg\" alt=\"Servo\" width=\"300\" height=\"280\" \/><\/a><\/p>\n<\/div>\n<\/div>\n<div class=\"widget widget_text divrechts\" style=\"height: 280px;\">\n<h3 class=\"widget-title breit\"><strong>CAD-Service<\/strong><\/h3>\n<p>Unser CAD-Service beginnt bei Ihren Ideen und reicht bis zum Umdesignen und Visualisieren Ihrer bereits entwickelten Daten.<br \/>\nAls professioneller 3D-Druckdienstleister bieten wir Ihnen daher einen umfangreichen CAD-Service an.<\/p>\n<\/div>\n<\/div>\n<div class=\"reihe\">\n<div class=\"reihe\">\n<div class=\"widget widget_text divlinks\" style=\"height: 330px;\">\n<h3 class=\"widget-title breit\"><strong>Prototypen und Funktionsmuster<\/strong><\/h3>\n<p>Prototypen lassen sich schnell auf Korrektheit und Funktion testen, <strong>bevor<\/strong> sie zu tausenden fehlerhaft produziert werden. Das spart viel Geld und beschleunigt die Entwicklung.<\/p>\n<\/div>\n<\/div>\n<div class=\"widget widget_text divrechts\" style=\"height: 330px; justify-content: center; align-items: center; text-align: center; margin: auto;\"><a href=\"https:\/\/weprint3.de\/index.php\/einzelstuecke-prototypen\/\"><br \/>\n<img decoding=\"async\" class=\"size-medium wp-image-109\" style=\"border: 0;\" src=\"https:\/\/weprint3.de\/wp-content\/uploads\/2016\/08\/Servo-300x240.jpg\" alt=\"Servo\" \/><\/a><\/div>\n<\/div>\n<div class=\"reihe\">\n<div class=\"reihe\">\n<div class=\"widget widget_text divlinks\" style=\"height: 350px; justify-content: center; align-items: center; text-align: center; margin: auto;\">\n<p><a href=\"https:\/\/weprint3.de\/index.php\/architekturmodelle\/\"><img loading=\"lazy\" decoding=\"async\" class=\"size-medium wp-image-269\" style=\"border: 0;\" src=\"https:\/\/weprint3.de\/wp-content\/uploads\/2016\/09\/c-257x300.jpg\" alt=\"c\" width=\"257\" height=\"300\" srcset=\"https:\/\/weprint3.de\/wp-content\/uploads\/2016\/09\/c-257x300.jpg 257w, https:\/\/weprint3.de\/wp-content\/uploads\/2016\/09\/c-27x32.jpg 27w, https:\/\/weprint3.de\/wp-content\/uploads\/2016\/09\/c.jpg 661w\" sizes=\"auto, (max-width: 257px) 100vw, 257px\" \/><\/a><\/p>\n<\/div>\n<\/div>\n<div class=\"widget widget_text divrechts\" style=\"height: 350px;\">\n<h3 class=\"widget-title breit\"><strong>Architekturmodelle<\/strong><\/h3>\n<p>3D-Druckverfahren sind hervorragend daf\u00fcr geeignet, solche Anschauungs- und Pr\u00e4sentationsmodelle ohne gro\u00dfen Aufwand anzufertigen. Auch die Gestaltung von Innenr\u00e4umen l\u00e4sst sich per 3D-Druck abbilden.<\/p>\n<\/div>\n<\/div>\n<div class=\"reihe\">\n<div class=\"reihe\">\n<div class=\"widget widget_text divlinks\" style=\"height: 330px;\">\n<h3 class=\"widget-title breit\"><strong>Gro\u00dfformatdruck<\/strong><\/h3>\n<p>Das kann nur der 3D-Druck leisten. Der Gro\u00dfformatdruck eignet sich zur Herstellung gro\u00dfer Prototypen sowie f\u00fcr die Produktion von Kleinserien gro\u00dfer Objekte.<\/p>\n<\/div>\n<div class=\"widget widget_text divrechts\" style=\"height: 330px; justify-content: center; align-items: center; text-align: center; margin: auto;\"><a href=\"https:\/\/weprint3.de\/index.php\/grossformatdruck\/\"><br \/>\n<img loading=\"lazy\" decoding=\"async\" class=\"size-medium wp-image-12\" style=\"border: 0;\" src=\"https:\/\/weprint3.de\/wp-content\/uploads\/2016\/08\/mb1-300x300.jpg\" alt=\"Messe Logo Gro\u00df\" width=\"300\" height=\"300\" srcset=\"https:\/\/weprint3.de\/wp-content\/uploads\/2016\/08\/mb1-300x300.jpg 300w, https:\/\/weprint3.de\/wp-content\/uploads\/2016\/08\/mb1-150x150.jpg 150w, https:\/\/weprint3.de\/wp-content\/uploads\/2016\/08\/mb1-768x768.jpg 768w, https:\/\/weprint3.de\/wp-content\/uploads\/2016\/08\/mb1-32x32.jpg 32w, https:\/\/weprint3.de\/wp-content\/uploads\/2016\/08\/mb1.jpg 999w\" sizes=\"auto, (max-width: 300px) 100vw, 300px\" \/><\/a><\/div>\n<\/div>\n<\/div>\n","protected":false},"excerpt":{"rendered":"<p>&nbsp; Verschiedene Druckverfahren f\u00fcr jeden Einsatzzweck das passende Verfahren Unser Angebot Rapid Development Immer mehr Firmen setzen auf 3D-Druck. Sie sparen dadurch Entwicklungszeit, Geld und bringen neue Produkte schneller auf den Markt. Denn die Konkurrenz schl\u00e4ft ja bekanntlich nicht. CAD-Service &hellip; <a href=\"https:\/\/weprint3.de\/\"><br \/>Zu dieser Seite wechseln <span class=\"meta-nav\">&rarr;<\/span><\/a><\/p>\n","protected":false},"author":2,"featured_media":0,"parent":0,"menu_order":0,"comment_status":"closed","ping_status":"closed","template":"","meta":{"footnotes":""},"class_list":["post-453","page","type-page","status-publish","hentry"],"yoast_head":"<!-- This site is optimized with the Yoast SEO plugin v26.6 - https:\/\/yoast.com\/wordpress\/plugins\/seo\/ -->\r\n<title>Willkommen bei WePrint3.De - Die 3D-Druck Profis<\/title>\r\n<meta name=\"description\" content=\"3D-Druck - Sie sparen dadurch Entwicklungszeit, Geld und bringen neue Produkte schneller auf den Markt. Denn die Konkurrenz schl\u00e4ft ja bekanntlich nicht.\" \/>\r\n<meta name=\"robots\" content=\"index, follow, max-snippet:-1, max-image-preview:large, max-video-preview:-1\" \/>\r\n<link rel=\"canonical\" href=\"https:\/\/weprint3.de\/\" \/>\r\n<meta property=\"og:locale\" content=\"de_DE\" \/>\r\n<meta property=\"og:type\" content=\"article\" \/>\r\n<meta property=\"og:title\" content=\"Willkommen bei WePrint3.De - Die 3D-Druck Profis\" \/>\r\n<meta property=\"og:description\" content=\"3D-Druck - Sie sparen dadurch Entwicklungszeit, Geld und bringen neue Produkte schneller auf den Markt. Denn die Konkurrenz schl\u00e4ft ja bekanntlich nicht.\" \/>\r\n<meta property=\"og:url\" content=\"https:\/\/weprint3.de\/\" \/>\r\n<meta property=\"article:modified_time\" content=\"2025-09-22T13:39:04+00:00\" \/>\r\n<meta property=\"og:image\" content=\"https:\/\/weprint3.de\/wp-content\/uploads\/2016\/08\/met1org-1.jpg\" \/>\r\n\t<meta property=\"og:image:width\" content=\"1280\" \/>\r\n\t<meta property=\"og:image:height\" content=\"1024\" \/>\r\n\t<meta property=\"og:image:type\" content=\"image\/jpeg\" \/>\r\n<meta name=\"twitter:card\" content=\"summary_large_image\" \/>\r\n<meta name=\"twitter:label1\" content=\"Gesch\u00e4tzte Lesezeit\" \/>\n\t<meta name=\"twitter:data1\" content=\"2\u00a0Minuten\" \/>\r\n<script type=\"application\/ld+json\" class=\"yoast-schema-graph\">{\"@context\":\"https:\/\/schema.org\",\"@graph\":[{\"@type\":\"WebPage\",\"@id\":\"https:\/\/weprint3.de\/\",\"url\":\"https:\/\/weprint3.de\/\",\"name\":\"Willkommen bei WePrint3.De - Die 3D-Druck Profis\",\"isPartOf\":{\"@id\":\"https:\/\/weprint3.de\/#website\"},\"primaryImageOfPage\":{\"@id\":\"https:\/\/weprint3.de\/#primaryimage\"},\"image\":{\"@id\":\"https:\/\/weprint3.de\/#primaryimage\"},\"thumbnailUrl\":\"https:\/\/weprint3.de\/wp-content\/uploads\/2016\/08\/met1org-1-300x240.jpg\",\"datePublished\":\"2019-09-05T07:34:37+00:00\",\"dateModified\":\"2025-09-22T13:39:04+00:00\",\"description\":\"3D-Druck - Sie sparen dadurch Entwicklungszeit, Geld und bringen neue Produkte schneller auf den Markt. Denn die Konkurrenz schl\u00e4ft ja bekanntlich nicht.\",\"breadcrumb\":{\"@id\":\"https:\/\/weprint3.de\/#breadcrumb\"},\"inLanguage\":\"de\",\"potentialAction\":[{\"@type\":\"ReadAction\",\"target\":[\"https:\/\/weprint3.de\/\"]}]},{\"@type\":\"ImageObject\",\"inLanguage\":\"de\",\"@id\":\"https:\/\/weprint3.de\/#primaryimage\",\"url\":\"https:\/\/weprint3.de\/wp-content\/uploads\/2016\/08\/met1org-1.jpg\",\"contentUrl\":\"https:\/\/weprint3.de\/wp-content\/uploads\/2016\/08\/met1org-1.jpg\",\"width\":1280,\"height\":1024,\"caption\":\"Halterung\"},{\"@type\":\"BreadcrumbList\",\"@id\":\"https:\/\/weprint3.de\/#breadcrumb\",\"itemListElement\":[{\"@type\":\"ListItem\",\"position\":1,\"name\":\"Startseite\",\"item\":\"https:\/\/weprint3.de\/\"},{\"@type\":\"ListItem\",\"position\":2,\"name\":\"Willkommen bei WePrint3.De\"}]},{\"@type\":\"WebSite\",\"@id\":\"https:\/\/weprint3.de\/#website\",\"url\":\"https:\/\/weprint3.de\/\",\"name\":\"WePrint3.De\",\"description\":\"\",\"publisher\":{\"@id\":\"https:\/\/weprint3.de\/#organization\"},\"potentialAction\":[{\"@type\":\"SearchAction\",\"target\":{\"@type\":\"EntryPoint\",\"urlTemplate\":\"https:\/\/weprint3.de\/?s={search_term_string}\"},\"query-input\":{\"@type\":\"PropertyValueSpecification\",\"valueRequired\":true,\"valueName\":\"search_term_string\"}}],\"inLanguage\":\"de\"},{\"@type\":\"Organization\",\"@id\":\"https:\/\/weprint3.de\/#organization\",\"name\":\"WePrint3.De\",\"url\":\"https:\/\/weprint3.de\/\",\"logo\":{\"@type\":\"ImageObject\",\"inLanguage\":\"de\",\"@id\":\"https:\/\/weprint3.de\/#\/schema\/logo\/image\/\",\"url\":\"https:\/\/weprint3.de\/wp-content\/uploads\/2019\/11\/W.png\",\"contentUrl\":\"https:\/\/weprint3.de\/wp-content\/uploads\/2019\/11\/W.png\",\"width\":90,\"height\":87,\"caption\":\"WePrint3.De\"},\"image\":{\"@id\":\"https:\/\/weprint3.de\/#\/schema\/logo\/image\/\"}}]}<\/script>\r\n<!-- \/ Yoast SEO plugin. -->","yoast_head_json":{"title":"Willkommen bei WePrint3.De - Die 3D-Druck Profis","description":"3D-Druck - Sie sparen dadurch Entwicklungszeit, Geld und bringen neue Produkte schneller auf den Markt. Denn die Konkurrenz schl\u00e4ft ja bekanntlich nicht.","robots":{"index":"index","follow":"follow","max-snippet":"max-snippet:-1","max-image-preview":"max-image-preview:large","max-video-preview":"max-video-preview:-1"},"canonical":"https:\/\/weprint3.de\/","og_locale":"de_DE","og_type":"article","og_title":"Willkommen bei WePrint3.De - Die 3D-Druck Profis","og_description":"3D-Druck - Sie sparen dadurch Entwicklungszeit, Geld und bringen neue Produkte schneller auf den Markt. Denn die Konkurrenz schl\u00e4ft ja bekanntlich nicht.","og_url":"https:\/\/weprint3.de\/","article_modified_time":"2025-09-22T13:39:04+00:00","og_image":[{"width":1280,"height":1024,"url":"https:\/\/weprint3.de\/wp-content\/uploads\/2016\/08\/met1org-1.jpg","type":"image\/jpeg"}],"twitter_card":"summary_large_image","twitter_misc":{"Gesch\u00e4tzte Lesezeit":"2\u00a0Minuten"},"schema":{"@context":"https:\/\/schema.org","@graph":[{"@type":"WebPage","@id":"https:\/\/weprint3.de\/","url":"https:\/\/weprint3.de\/","name":"Willkommen bei WePrint3.De - Die 3D-Druck Profis","isPartOf":{"@id":"https:\/\/weprint3.de\/#website"},"primaryImageOfPage":{"@id":"https:\/\/weprint3.de\/#primaryimage"},"image":{"@id":"https:\/\/weprint3.de\/#primaryimage"},"thumbnailUrl":"https:\/\/weprint3.de\/wp-content\/uploads\/2016\/08\/met1org-1-300x240.jpg","datePublished":"2019-09-05T07:34:37+00:00","dateModified":"2025-09-22T13:39:04+00:00","description":"3D-Druck - Sie sparen dadurch Entwicklungszeit, Geld und bringen neue Produkte schneller auf den Markt. Denn die Konkurrenz schl\u00e4ft ja bekanntlich nicht.","breadcrumb":{"@id":"https:\/\/weprint3.de\/#breadcrumb"},"inLanguage":"de","potentialAction":[{"@type":"ReadAction","target":["https:\/\/weprint3.de\/"]}]},{"@type":"ImageObject","inLanguage":"de","@id":"https:\/\/weprint3.de\/#primaryimage","url":"https:\/\/weprint3.de\/wp-content\/uploads\/2016\/08\/met1org-1.jpg","contentUrl":"https:\/\/weprint3.de\/wp-content\/uploads\/2016\/08\/met1org-1.jpg","width":1280,"height":1024,"caption":"Halterung"},{"@type":"BreadcrumbList","@id":"https:\/\/weprint3.de\/#breadcrumb","itemListElement":[{"@type":"ListItem","position":1,"name":"Startseite","item":"https:\/\/weprint3.de\/"},{"@type":"ListItem","position":2,"name":"Willkommen bei WePrint3.De"}]},{"@type":"WebSite","@id":"https:\/\/weprint3.de\/#website","url":"https:\/\/weprint3.de\/","name":"WePrint3.De","description":"","publisher":{"@id":"https:\/\/weprint3.de\/#organization"},"potentialAction":[{"@type":"SearchAction","target":{"@type":"EntryPoint","urlTemplate":"https:\/\/weprint3.de\/?s={search_term_string}"},"query-input":{"@type":"PropertyValueSpecification","valueRequired":true,"valueName":"search_term_string"}}],"inLanguage":"de"},{"@type":"Organization","@id":"https:\/\/weprint3.de\/#organization","name":"WePrint3.De","url":"https:\/\/weprint3.de\/","logo":{"@type":"ImageObject","inLanguage":"de","@id":"https:\/\/weprint3.de\/#\/schema\/logo\/image\/","url":"https:\/\/weprint3.de\/wp-content\/uploads\/2019\/11\/W.png","contentUrl":"https:\/\/weprint3.de\/wp-content\/uploads\/2019\/11\/W.png","width":90,"height":87,"caption":"WePrint3.De"},"image":{"@id":"https:\/\/weprint3.de\/#\/schema\/logo\/image\/"}}]}},"_links":{"self":[{"href":"https:\/\/weprint3.de\/index.php\/wp-json\/wp\/v2\/pages\/453","targetHints":{"allow":["GET"]}}],"collection":[{"href":"https:\/\/weprint3.de\/index.php\/wp-json\/wp\/v2\/pages"}],"about":[{"href":"https:\/\/weprint3.de\/index.php\/wp-json\/wp\/v2\/types\/page"}],"author":[{"embeddable":true,"href":"https:\/\/weprint3.de\/index.php\/wp-json\/wp\/v2\/users\/2"}],"replies":[{"embeddable":true,"href":"https:\/\/weprint3.de\/index.php\/wp-json\/wp\/v2\/comments?post=453"}],"version-history":[{"count":0,"href":"https:\/\/weprint3.de\/index.php\/wp-json\/wp\/v2\/pages\/453\/revisions"}],"wp:attachment":[{"href":"https:\/\/weprint3.de\/index.php\/wp-json\/wp\/v2\/media?parent=453"}],"curies":[{"name":"wp","href":"https:\/\/api.w.org\/{rel}","templated":true}]}}