{"id":382,"date":"2016-12-04T11:02:04","date_gmt":"2016-12-04T10:02:04","guid":{"rendered":"https:\/\/weprint3.de\/?page_id=382"},"modified":"2019-12-06T10:28:13","modified_gmt":"2019-12-06T09:28:13","slug":"ersatzteile","status":"publish","type":"page","link":"https:\/\/weprint3.de\/index.php\/ersatzteile\/","title":{"rendered":"Ersatzteile"},"content":{"rendered":"<p>Unternehmen wie die Deutsche Bahn setzen auf 3D-Druck, wenn es darum geht, Ersatzteile f\u00fcr Lokomotiven und Z\u00fcge zu drucken. Die Bahn spart damit Zeit und Geld. Denn erstens sind die ben\u00f6tigten Ersatzteile oft schwer zu bekommen und zweitens ziemlich teuer.<\/p>\n<p><iframe loading=\"lazy\" title=\"DB-Challenge - 3D-Druck bei der Deutschen Bahn\" width=\"688\" height=\"387\" src=\"https:\/\/www.youtube.com\/embed\/HhSCIIxW4Hw?feature=oembed\" frameborder=\"0\" allow=\"accelerometer; autoplay; encrypted-media; gyroscope; picture-in-picture\" allowfullscreen><\/iframe><\/p>\n<p>Gebrochene Zahnr\u00e4der, verbogene Hebel oder gerissene Geh\u00e4use: Gerade dann, wenn ein Ersatzteil nicht mehr erh\u00e4ltlich ist, leistet der 3D-Druck gro\u00dfe Dienste. Voll funktionsf\u00e4hige Einzelst\u00fccke aus Aluminium, Edelstahl oder Keramik sind dank 3D-Druck heutzutage kein Problem mehr. Auch komplexe Objekte lassen sich problemlos und kosteng\u00fcnstig fertigen, ohne dass CNC-Maschinen aufw\u00e4ndig programmiert werden m\u00fcssen.<\/p>\n<p>Vorteile durch 3D-Druck bei Ersatzteilen:<\/p>\n<ul>\n<li>Nicht mehr oder nur schwer erh\u00e4ltliche Ersatzteile k\u00f6nnen kosteng\u00fcnstig gedruckt werden.<\/li>\n<li>Teure Ersatzteile etwa f\u00fcr Oldtimer werden originalgetreu nachgedruckt.<\/li>\n<li>Maschinen k\u00f6nnen schneller repariert werden. Es entstehen k\u00fcrzere Ausfallzeiten.<\/li>\n<\/ul>\n","protected":false},"excerpt":{"rendered":"<p>Unternehmen wie die Deutsche Bahn setzen auf 3D-Druck, wenn es darum geht, Ersatzteile f\u00fcr Lokomotiven und Z\u00fcge zu drucken. Die Bahn spart damit Zeit und Geld. Denn erstens sind die ben\u00f6tigten Ersatzteile oft schwer zu bekommen und zweitens ziemlich teuer. &hellip; <a href=\"https:\/\/weprint3.de\/index.php\/ersatzteile\/\"><br \/>Zu dieser Seite wechseln <span class=\"meta-nav\">&rarr;<\/span><\/a><\/p>\n","protected":false},"author":2,"featured_media":0,"parent":0,"menu_order":0,"comment_status":"closed","ping_status":"closed","template":"","meta":{"footnotes":""},"class_list":["post-382","page","type-page","status-publish","hentry"],"yoast_head":"<!-- This site is optimized with the Yoast SEO plugin v27.4 - https:\/\/yoast.com\/product\/yoast-seo-wordpress\/ -->\r\n<title>Ersatzteile -<\/title>\r\n<meta name=\"robots\" content=\"index, follow, max-snippet:-1, max-image-preview:large, max-video-preview:-1\" \/>\r\n<link rel=\"canonical\" href=\"https:\/\/weprint3.de\/index.php\/ersatzteile\/\" \/>\r\n<meta property=\"og:locale\" content=\"de_DE\" \/>\r\n<meta property=\"og:type\" content=\"article\" \/>\r\n<meta property=\"og:title\" content=\"Ersatzteile -\" \/>\r\n<meta property=\"og:description\" content=\"Unternehmen wie die Deutsche Bahn setzen auf 3D-Druck, wenn es darum geht, Ersatzteile f\u00fcr Lokomotiven und Z\u00fcge zu drucken. Die Bahn spart damit Zeit und Geld. Denn erstens sind die ben\u00f6tigten Ersatzteile oft schwer zu bekommen und zweitens ziemlich teuer. &hellip; Zu dieser Seite wechseln &rarr;\" \/>\r\n<meta property=\"og:url\" content=\"https:\/\/weprint3.de\/index.php\/ersatzteile\/\" \/>\r\n<meta property=\"article:modified_time\" content=\"2019-12-06T09:28:13+00:00\" \/>\r\n<meta name=\"twitter:card\" content=\"summary_large_image\" \/>\r\n<meta name=\"twitter:label1\" content=\"Gesch\u00e4tzte Lesezeit\" \/>\n\t<meta name=\"twitter:data1\" content=\"1\u00a0Minute\" \/>\r\n<script type=\"application\/ld+json\" class=\"yoast-schema-graph\">{\"@context\":\"https:\\\/\\\/schema.org\",\"@graph\":[{\"@type\":\"WebPage\",\"@id\":\"https:\\\/\\\/weprint3.de\\\/index.php\\\/ersatzteile\\\/\",\"url\":\"https:\\\/\\\/weprint3.de\\\/index.php\\\/ersatzteile\\\/\",\"name\":\"Ersatzteile -\",\"isPartOf\":{\"@id\":\"https:\\\/\\\/weprint3.de\\\/#website\"},\"datePublished\":\"2016-12-04T10:02:04+00:00\",\"dateModified\":\"2019-12-06T09:28:13+00:00\",\"breadcrumb\":{\"@id\":\"https:\\\/\\\/weprint3.de\\\/index.php\\\/ersatzteile\\\/#breadcrumb\"},\"inLanguage\":\"de\",\"potentialAction\":[{\"@type\":\"ReadAction\",\"target\":[\"https:\\\/\\\/weprint3.de\\\/index.php\\\/ersatzteile\\\/\"]}]},{\"@type\":\"BreadcrumbList\",\"@id\":\"https:\\\/\\\/weprint3.de\\\/index.php\\\/ersatzteile\\\/#breadcrumb\",\"itemListElement\":[{\"@type\":\"ListItem\",\"position\":1,\"name\":\"Startseite\",\"item\":\"https:\\\/\\\/weprint3.de\\\/\"},{\"@type\":\"ListItem\",\"position\":2,\"name\":\"Ersatzteile\"}]},{\"@type\":\"WebSite\",\"@id\":\"https:\\\/\\\/weprint3.de\\\/#website\",\"url\":\"https:\\\/\\\/weprint3.de\\\/\",\"name\":\"WePrint3.De\",\"description\":\"\",\"publisher\":{\"@id\":\"https:\\\/\\\/weprint3.de\\\/#organization\"},\"potentialAction\":[{\"@type\":\"SearchAction\",\"target\":{\"@type\":\"EntryPoint\",\"urlTemplate\":\"https:\\\/\\\/weprint3.de\\\/?s={search_term_string}\"},\"query-input\":{\"@type\":\"PropertyValueSpecification\",\"valueRequired\":true,\"valueName\":\"search_term_string\"}}],\"inLanguage\":\"de\"},{\"@type\":\"Organization\",\"@id\":\"https:\\\/\\\/weprint3.de\\\/#organization\",\"name\":\"WePrint3.De\",\"url\":\"https:\\\/\\\/weprint3.de\\\/\",\"logo\":{\"@type\":\"ImageObject\",\"inLanguage\":\"de\",\"@id\":\"https:\\\/\\\/weprint3.de\\\/#\\\/schema\\\/logo\\\/image\\\/\",\"url\":\"https:\\\/\\\/weprint3.de\\\/wp-content\\\/uploads\\\/2019\\\/11\\\/W.png\",\"contentUrl\":\"https:\\\/\\\/weprint3.de\\\/wp-content\\\/uploads\\\/2019\\\/11\\\/W.png\",\"width\":90,\"height\":87,\"caption\":\"WePrint3.De\"},\"image\":{\"@id\":\"https:\\\/\\\/weprint3.de\\\/#\\\/schema\\\/logo\\\/image\\\/\"}}]}<\/script>\r\n<!-- \/ Yoast SEO plugin. -->","yoast_head_json":{"title":"Ersatzteile -","robots":{"index":"index","follow":"follow","max-snippet":"max-snippet:-1","max-image-preview":"max-image-preview:large","max-video-preview":"max-video-preview:-1"},"canonical":"https:\/\/weprint3.de\/index.php\/ersatzteile\/","og_locale":"de_DE","og_type":"article","og_title":"Ersatzteile -","og_description":"Unternehmen wie die Deutsche Bahn setzen auf 3D-Druck, wenn es darum geht, Ersatzteile f\u00fcr Lokomotiven und Z\u00fcge zu drucken. Die Bahn spart damit Zeit und Geld. Denn erstens sind die ben\u00f6tigten Ersatzteile oft schwer zu bekommen und zweitens ziemlich teuer. &hellip; Zu dieser Seite wechseln &rarr;","og_url":"https:\/\/weprint3.de\/index.php\/ersatzteile\/","article_modified_time":"2019-12-06T09:28:13+00:00","twitter_card":"summary_large_image","twitter_misc":{"Gesch\u00e4tzte Lesezeit":"1\u00a0Minute"},"schema":{"@context":"https:\/\/schema.org","@graph":[{"@type":"WebPage","@id":"https:\/\/weprint3.de\/index.php\/ersatzteile\/","url":"https:\/\/weprint3.de\/index.php\/ersatzteile\/","name":"Ersatzteile -","isPartOf":{"@id":"https:\/\/weprint3.de\/#website"},"datePublished":"2016-12-04T10:02:04+00:00","dateModified":"2019-12-06T09:28:13+00:00","breadcrumb":{"@id":"https:\/\/weprint3.de\/index.php\/ersatzteile\/#breadcrumb"},"inLanguage":"de","potentialAction":[{"@type":"ReadAction","target":["https:\/\/weprint3.de\/index.php\/ersatzteile\/"]}]},{"@type":"BreadcrumbList","@id":"https:\/\/weprint3.de\/index.php\/ersatzteile\/#breadcrumb","itemListElement":[{"@type":"ListItem","position":1,"name":"Startseite","item":"https:\/\/weprint3.de\/"},{"@type":"ListItem","position":2,"name":"Ersatzteile"}]},{"@type":"WebSite","@id":"https:\/\/weprint3.de\/#website","url":"https:\/\/weprint3.de\/","name":"WePrint3.De","description":"","publisher":{"@id":"https:\/\/weprint3.de\/#organization"},"potentialAction":[{"@type":"SearchAction","target":{"@type":"EntryPoint","urlTemplate":"https:\/\/weprint3.de\/?s={search_term_string}"},"query-input":{"@type":"PropertyValueSpecification","valueRequired":true,"valueName":"search_term_string"}}],"inLanguage":"de"},{"@type":"Organization","@id":"https:\/\/weprint3.de\/#organization","name":"WePrint3.De","url":"https:\/\/weprint3.de\/","logo":{"@type":"ImageObject","inLanguage":"de","@id":"https:\/\/weprint3.de\/#\/schema\/logo\/image\/","url":"https:\/\/weprint3.de\/wp-content\/uploads\/2019\/11\/W.png","contentUrl":"https:\/\/weprint3.de\/wp-content\/uploads\/2019\/11\/W.png","width":90,"height":87,"caption":"WePrint3.De"},"image":{"@id":"https:\/\/weprint3.de\/#\/schema\/logo\/image\/"}}]}},"_links":{"self":[{"href":"https:\/\/weprint3.de\/index.php\/wp-json\/wp\/v2\/pages\/382","targetHints":{"allow":["GET"]}}],"collection":[{"href":"https:\/\/weprint3.de\/index.php\/wp-json\/wp\/v2\/pages"}],"about":[{"href":"https:\/\/weprint3.de\/index.php\/wp-json\/wp\/v2\/types\/page"}],"author":[{"embeddable":true,"href":"https:\/\/weprint3.de\/index.php\/wp-json\/wp\/v2\/users\/2"}],"replies":[{"embeddable":true,"href":"https:\/\/weprint3.de\/index.php\/wp-json\/wp\/v2\/comments?post=382"}],"version-history":[{"count":0,"href":"https:\/\/weprint3.de\/index.php\/wp-json\/wp\/v2\/pages\/382\/revisions"}],"wp:attachment":[{"href":"https:\/\/weprint3.de\/index.php\/wp-json\/wp\/v2\/media?parent=382"}],"curies":[{"name":"wp","href":"https:\/\/api.w.org\/{rel}","templated":true}]}}