{"id":38,"date":"2016-08-26T20:22:19","date_gmt":"2016-08-26T18:22:19","guid":{"rendered":"https:\/\/weprint3.de\/?page_id=38"},"modified":"2019-12-06T10:25:59","modified_gmt":"2019-12-06T09:25:59","slug":"architekturmodelle","status":"publish","type":"page","link":"https:\/\/weprint3.de\/index.php\/architekturmodelle\/","title":{"rendered":"Architekturmodelle"},"content":{"rendered":"<p>[metaslider id=&#8220;925&#8243;]<\/p>\n<p>Architekturmodelle liefern eine anschauliche Vorstellung von Geb\u00e4uden und Objekten, die sich noch in der Planungs- oder in den ersten Bauphasen befinden. Der Kunde kann sich anhand solcher Modelle eine sinnliche Vorstellung davon machen, wie das fertige Geb\u00e4ude oder Objekt einmal aussehen wird.<\/p>\n<p>3D-Druckverfahren sind hervorragend daf\u00fcr geeignet, solche Anschauungs- und Pr\u00e4sentationsmodelle ohne gro\u00dfen Aufwand anzufertigen. Auch die Gestaltung von Innenr\u00e4umen l\u00e4sst sich per 3D-Druck abbilden.<\/p>\n<p>Vorteile durch 3D-Druck bei Architekturmodellen:<\/p>\n<ul>\n<li>Die Modelle k\u00f6nnen problemlos und schnell anhand der Grundrisse inklusive der Au\u00dfenanlage erstellt werden.<\/li>\n<li>Geschlossene Au\u00dfenansichten sind ebenso m\u00f6glich wie zerlegbare Modelle, die einen Blick in das Innere eines Geb\u00e4udes erm\u00f6glichen.<\/li>\n<li>Auch Innenr\u00e4ume k\u00f6nnen im Modell detailgenau abgebildet werden.<\/li>\n<\/ul>\n","protected":false},"excerpt":{"rendered":"<p>[metaslider id=&#8220;925&#8243;] Architekturmodelle liefern eine anschauliche Vorstellung von Geb\u00e4uden und Objekten, die sich noch in der Planungs- oder in den ersten Bauphasen befinden. Der Kunde kann sich anhand solcher Modelle eine sinnliche Vorstellung davon machen, wie das fertige Geb\u00e4ude oder &hellip; <a href=\"https:\/\/weprint3.de\/index.php\/architekturmodelle\/\"><br \/>Zu dieser Seite wechseln <span class=\"meta-nav\">&rarr;<\/span><\/a><\/p>\n","protected":false},"author":2,"featured_media":0,"parent":0,"menu_order":0,"comment_status":"closed","ping_status":"closed","template":"","meta":{"footnotes":""},"class_list":["post-38","page","type-page","status-publish","hentry"],"yoast_head":"<!-- This site is optimized with the Yoast SEO plugin v27.4 - https:\/\/yoast.com\/product\/yoast-seo-wordpress\/ -->\r\n<title>Architekturmodelle -<\/title>\r\n<meta name=\"robots\" content=\"index, follow, max-snippet:-1, max-image-preview:large, max-video-preview:-1\" \/>\r\n<link rel=\"canonical\" href=\"https:\/\/weprint3.de\/index.php\/architekturmodelle\/\" \/>\r\n<meta property=\"og:locale\" content=\"de_DE\" \/>\r\n<meta property=\"og:type\" content=\"article\" \/>\r\n<meta property=\"og:title\" content=\"Architekturmodelle -\" \/>\r\n<meta property=\"og:description\" content=\"[metaslider id=&#8220;925&#8243;] Architekturmodelle liefern eine anschauliche Vorstellung von Geb\u00e4uden und Objekten, die sich noch in der Planungs- oder in den ersten Bauphasen befinden. Der Kunde kann sich anhand solcher Modelle eine sinnliche Vorstellung davon machen, wie das fertige Geb\u00e4ude oder &hellip; Zu dieser Seite wechseln &rarr;\" \/>\r\n<meta property=\"og:url\" content=\"https:\/\/weprint3.de\/index.php\/architekturmodelle\/\" \/>\r\n<meta property=\"article:modified_time\" content=\"2019-12-06T09:25:59+00:00\" \/>\r\n<meta name=\"twitter:card\" content=\"summary_large_image\" \/>\r\n<meta name=\"twitter:label1\" content=\"Gesch\u00e4tzte Lesezeit\" \/>\n\t<meta name=\"twitter:data1\" content=\"1\u00a0Minute\" \/>\r\n<script type=\"application\/ld+json\" class=\"yoast-schema-graph\">{\"@context\":\"https:\\\/\\\/schema.org\",\"@graph\":[{\"@type\":\"WebPage\",\"@id\":\"https:\\\/\\\/weprint3.de\\\/index.php\\\/architekturmodelle\\\/\",\"url\":\"https:\\\/\\\/weprint3.de\\\/index.php\\\/architekturmodelle\\\/\",\"name\":\"Architekturmodelle -\",\"isPartOf\":{\"@id\":\"https:\\\/\\\/weprint3.de\\\/#website\"},\"datePublished\":\"2016-08-26T18:22:19+00:00\",\"dateModified\":\"2019-12-06T09:25:59+00:00\",\"breadcrumb\":{\"@id\":\"https:\\\/\\\/weprint3.de\\\/index.php\\\/architekturmodelle\\\/#breadcrumb\"},\"inLanguage\":\"de\",\"potentialAction\":[{\"@type\":\"ReadAction\",\"target\":[\"https:\\\/\\\/weprint3.de\\\/index.php\\\/architekturmodelle\\\/\"]}]},{\"@type\":\"BreadcrumbList\",\"@id\":\"https:\\\/\\\/weprint3.de\\\/index.php\\\/architekturmodelle\\\/#breadcrumb\",\"itemListElement\":[{\"@type\":\"ListItem\",\"position\":1,\"name\":\"Startseite\",\"item\":\"https:\\\/\\\/weprint3.de\\\/\"},{\"@type\":\"ListItem\",\"position\":2,\"name\":\"Architekturmodelle\"}]},{\"@type\":\"WebSite\",\"@id\":\"https:\\\/\\\/weprint3.de\\\/#website\",\"url\":\"https:\\\/\\\/weprint3.de\\\/\",\"name\":\"WePrint3.De\",\"description\":\"\",\"publisher\":{\"@id\":\"https:\\\/\\\/weprint3.de\\\/#organization\"},\"potentialAction\":[{\"@type\":\"SearchAction\",\"target\":{\"@type\":\"EntryPoint\",\"urlTemplate\":\"https:\\\/\\\/weprint3.de\\\/?s={search_term_string}\"},\"query-input\":{\"@type\":\"PropertyValueSpecification\",\"valueRequired\":true,\"valueName\":\"search_term_string\"}}],\"inLanguage\":\"de\"},{\"@type\":\"Organization\",\"@id\":\"https:\\\/\\\/weprint3.de\\\/#organization\",\"name\":\"WePrint3.De\",\"url\":\"https:\\\/\\\/weprint3.de\\\/\",\"logo\":{\"@type\":\"ImageObject\",\"inLanguage\":\"de\",\"@id\":\"https:\\\/\\\/weprint3.de\\\/#\\\/schema\\\/logo\\\/image\\\/\",\"url\":\"https:\\\/\\\/weprint3.de\\\/wp-content\\\/uploads\\\/2019\\\/11\\\/W.png\",\"contentUrl\":\"https:\\\/\\\/weprint3.de\\\/wp-content\\\/uploads\\\/2019\\\/11\\\/W.png\",\"width\":90,\"height\":87,\"caption\":\"WePrint3.De\"},\"image\":{\"@id\":\"https:\\\/\\\/weprint3.de\\\/#\\\/schema\\\/logo\\\/image\\\/\"}}]}<\/script>\r\n<!-- \/ Yoast SEO plugin. -->","yoast_head_json":{"title":"Architekturmodelle -","robots":{"index":"index","follow":"follow","max-snippet":"max-snippet:-1","max-image-preview":"max-image-preview:large","max-video-preview":"max-video-preview:-1"},"canonical":"https:\/\/weprint3.de\/index.php\/architekturmodelle\/","og_locale":"de_DE","og_type":"article","og_title":"Architekturmodelle -","og_description":"[metaslider id=&#8220;925&#8243;] Architekturmodelle liefern eine anschauliche Vorstellung von Geb\u00e4uden und Objekten, die sich noch in der Planungs- oder in den ersten Bauphasen befinden. Der Kunde kann sich anhand solcher Modelle eine sinnliche Vorstellung davon machen, wie das fertige Geb\u00e4ude oder &hellip; Zu dieser Seite wechseln &rarr;","og_url":"https:\/\/weprint3.de\/index.php\/architekturmodelle\/","article_modified_time":"2019-12-06T09:25:59+00:00","twitter_card":"summary_large_image","twitter_misc":{"Gesch\u00e4tzte Lesezeit":"1\u00a0Minute"},"schema":{"@context":"https:\/\/schema.org","@graph":[{"@type":"WebPage","@id":"https:\/\/weprint3.de\/index.php\/architekturmodelle\/","url":"https:\/\/weprint3.de\/index.php\/architekturmodelle\/","name":"Architekturmodelle -","isPartOf":{"@id":"https:\/\/weprint3.de\/#website"},"datePublished":"2016-08-26T18:22:19+00:00","dateModified":"2019-12-06T09:25:59+00:00","breadcrumb":{"@id":"https:\/\/weprint3.de\/index.php\/architekturmodelle\/#breadcrumb"},"inLanguage":"de","potentialAction":[{"@type":"ReadAction","target":["https:\/\/weprint3.de\/index.php\/architekturmodelle\/"]}]},{"@type":"BreadcrumbList","@id":"https:\/\/weprint3.de\/index.php\/architekturmodelle\/#breadcrumb","itemListElement":[{"@type":"ListItem","position":1,"name":"Startseite","item":"https:\/\/weprint3.de\/"},{"@type":"ListItem","position":2,"name":"Architekturmodelle"}]},{"@type":"WebSite","@id":"https:\/\/weprint3.de\/#website","url":"https:\/\/weprint3.de\/","name":"WePrint3.De","description":"","publisher":{"@id":"https:\/\/weprint3.de\/#organization"},"potentialAction":[{"@type":"SearchAction","target":{"@type":"EntryPoint","urlTemplate":"https:\/\/weprint3.de\/?s={search_term_string}"},"query-input":{"@type":"PropertyValueSpecification","valueRequired":true,"valueName":"search_term_string"}}],"inLanguage":"de"},{"@type":"Organization","@id":"https:\/\/weprint3.de\/#organization","name":"WePrint3.De","url":"https:\/\/weprint3.de\/","logo":{"@type":"ImageObject","inLanguage":"de","@id":"https:\/\/weprint3.de\/#\/schema\/logo\/image\/","url":"https:\/\/weprint3.de\/wp-content\/uploads\/2019\/11\/W.png","contentUrl":"https:\/\/weprint3.de\/wp-content\/uploads\/2019\/11\/W.png","width":90,"height":87,"caption":"WePrint3.De"},"image":{"@id":"https:\/\/weprint3.de\/#\/schema\/logo\/image\/"}}]}},"_links":{"self":[{"href":"https:\/\/weprint3.de\/index.php\/wp-json\/wp\/v2\/pages\/38","targetHints":{"allow":["GET"]}}],"collection":[{"href":"https:\/\/weprint3.de\/index.php\/wp-json\/wp\/v2\/pages"}],"about":[{"href":"https:\/\/weprint3.de\/index.php\/wp-json\/wp\/v2\/types\/page"}],"author":[{"embeddable":true,"href":"https:\/\/weprint3.de\/index.php\/wp-json\/wp\/v2\/users\/2"}],"replies":[{"embeddable":true,"href":"https:\/\/weprint3.de\/index.php\/wp-json\/wp\/v2\/comments?post=38"}],"version-history":[{"count":0,"href":"https:\/\/weprint3.de\/index.php\/wp-json\/wp\/v2\/pages\/38\/revisions"}],"wp:attachment":[{"href":"https:\/\/weprint3.de\/index.php\/wp-json\/wp\/v2\/media?parent=38"}],"curies":[{"name":"wp","href":"https:\/\/api.w.org\/{rel}","templated":true}]}}