{"id":1008,"date":"2020-02-24T11:56:52","date_gmt":"2020-02-24T10:56:52","guid":{"rendered":"https:\/\/weprint3.de\/?page_id=1008"},"modified":"2020-03-10T15:09:55","modified_gmt":"2020-03-10T14:09:55","slug":"materialien","status":"publish","type":"page","link":"https:\/\/weprint3.de\/index.php\/materialien\/","title":{"rendered":"Materialien"},"content":{"rendered":"\n<p>Wir beraten Sie gerne welcher Kunststoff f\u00fcr Ihren Einsatzbereich geeignet ist.<br>Auf Wunsch fragen Sie uns gerne nach Materialmustern.<\/p>\n\n\n\n<h1 class=\"wp-block-heading\" id=\"FDM\"><strong><u><a href=\"https:\/\/weprint3.de\/index.php\/fused-deposition-modeling\/\">FDM<\/a><\/u><\/strong><\/h1>\n\n\n\n<p>Im FDM-Druck hat man die gr\u00f6\u00dfte Auswahl an Materialien.<br>Hier eine  Darstellung  der wichtigsten Werkstoffe:<\/p>\n\n\n\n<ul class=\"wp-block-list\"><li><\/li><\/ul>\n\n\n\n<ul class=\"wp-block-list\"><li><strong>PLA \u2013 \u201ePolylactic Acid\u201c<\/strong><br>Das g\u00fcnstigste Material. Haupt Nachteil: Niedrige Erweichungstemperatur von ~ 40\u00b0C<\/li><\/ul>\n\n\n\n<ul class=\"wp-block-list\"><li><strong>PETG \u2013 \u201eGlykol modifiziertes PET\u201c<\/strong><br>Das \u201ebessere\u201c PLA. Gute Druckeigenschaften, hohe Temperaturbest\u00e4ndigkeit, etwas bessere Schlagz\u00e4higkeit als PLA<br>Lebensmittelechte Varianten verf\u00fcgbar.<\/li><\/ul>\n\n\n\n<ul class=\"wp-block-list\"><li><strong>PET &#8211; \u201ePolyethylenterephthalat\u201c<\/strong><br>Bekannt von den PET-Flaschen, f\u00fcr den 3D-Druck jedoch kaum Vorteile.<\/li><\/ul>\n\n\n\n<ul class=\"wp-block-list\"><li><strong>ABS \u2013 \u201eAcrylnitril-Butadien-Styrol\u201c<\/strong><br>Der Klassiker f\u00fcr Spritzguss, aber im 3D-Druck schwieriger zu handhaben und kaum Vorteile.<br>Sehr L\u00f6sungsmittelempfindlich.<\/li><\/ul>\n\n\n\n<ul class=\"wp-block-list\"><li><strong>HIPS \u2013 \u201eHigh Impact Polystyrene\u201c<\/strong><br>Sehr schlagz\u00e4h, relativ preisg\u00fcnstig.<\/li><\/ul>\n\n\n\n<ul class=\"wp-block-list\"><li><strong>NYLON \u2013 \u201ePolyamid\u201c<\/strong><br>F\u00fcr das FDM Verfahren schwierig zu handhaben, hier empfehlen wir das Lasersintern.<\/li><\/ul>\n\n\n\n<ul class=\"wp-block-list\"><li><strong>PC &#8211; \u201ePolycarbonat\u201c<\/strong><br>Sehr schlagz\u00e4h, aber teuer.<\/li><\/ul>\n\n\n\n<ul class=\"wp-block-list\"><li><strong>XENOY (PBT\/PC)<\/strong><br>Das beste Material wenn es um Schlagz\u00e4higkeit geht. Trotzdem leichter zu drucken als PC.<\/li><\/ul>\n\n\n\n<ul class=\"wp-block-list\"><li><strong>PLA mit Kohlefasern<\/strong><br>Besonders steifes Material, kann seine Bruchfestigkeit durch die recht kurzen Fasern jedoch nicht voll aussch\u00f6pfen.<\/li><\/ul>\n\n\n\n<ul class=\"wp-block-list\"><li><strong>PLA mit Diamantstaub<\/strong><br>Dieses Material besteht zu 80% aus feinen Industriediamanten und ist f\u00fcr PLA besonders temperaturfest. Es ist leicht zu drucken und hat eine sehr hohe Steifigkeit, vergleichbar mit Kohlefasern.<\/li><\/ul>\n\n\n\n<ul class=\"wp-block-list\"><li><strong>PLA mit Holzstruktur<\/strong>V<br>Verschiedene Farbt\u00f6ne mit Echtholz Anteil in einer Kunststoffmatrix eingebettet.<br>Vor allem f\u00fcr Deko Zwecke verwendet.<\/li><\/ul>\n\n\n\n<ul class=\"wp-block-list\"><li><strong>Elektrisch leitf\u00e4higes ABS und PLA<\/strong><br>Um elektrostatische Aufladungen zu vermeiden.<\/li><\/ul>\n\n\n\n<ul class=\"wp-block-list\"><li><strong>Magnetisierbares PLA<\/strong><br>Magnete haften auf diesem Material. Zum Beispiel f\u00fcr magnetische Verschl\u00fcsse.<\/li><\/ul>\n\n\n\n<ul class=\"wp-block-list\"><li><strong>TPU &#8211; \u201eThermoplastisches Polyurethan\u201c<\/strong><br>Elastisches Polymer, das &#8211; anders als normales Gummi &#8211; nicht verspr\u00f6det.<br>In verschiedenen H\u00e4rtegraden verf\u00fcgbar.<\/li><\/ul>\n\n\n\n<h1 class=\"wp-block-heading\" id=\"SLSKunststoff\"><strong><u><a href=\"https:\/\/weprint3.de\/index.php\/selektives-lasersintern-kunststoff-sls\/\">Lasersintern Kunststoff<\/a><\/u><\/strong><\/h1>\n\n\n\n<p>W\u00e4hrend fr\u00fcher fast nur verschiedene Varianten von Polyamid (Nylon) verwendet wurden, w\u00e4chst hier die Materialauswahl kontinuierlich.<\/p>\n\n\n\n<ul class=\"wp-block-list\"><li><strong>PA2200, PA11, PA12, PA6, PA6.6<\/strong><\/li><li><strong>IGUS iglidur I3-PL und I6-PL<\/strong><\/li><li><strong>Alumide<\/strong><\/li><li><strong>PA12 FR (Flammgesch\u00fctzt)<\/strong><\/li><li><strong>PA12 MF (Mineralgef\u00fcllt)<\/strong><\/li><li><strong>PA12 GF (Glaskugelgef\u00fcllt)<\/strong><\/li><li><strong>TPU 92A<\/strong><\/li><li><strong>PEEK HP3<\/strong><\/li><\/ul>\n\n\n\n<h1 class=\"wp-block-heading\" id=\"SLSMetall\"><u><strong><a href=\"https:\/\/weprint3.de\/index.php\/selektives-lasersintern-metall-sls\/\">Lasersintern Metall<\/a><\/strong><\/u><\/h1>\n\n\n\n<p>Hier lassen sich verschiedenste Metalle verarbeiten. Auch Kupfer ist inzwischen m\u00f6glich.<\/p>\n\n\n\n<ul class=\"wp-block-list\"><li><strong>Werkzeugstahl<\/strong><\/li><li><strong>Edelstahl 316L<\/strong><\/li><li><strong>Aluminium<\/strong><\/li><li><strong>Kupfer<\/strong><\/li><li><strong>Titan<\/strong><\/li><li><strong>Kobalt-Chrom<\/strong><\/li><li><strong>Inconel 718<\/strong><\/li><\/ul>\n\n\n\n<h2 class=\"wp-block-heading\" id=\"SLA\"><strong><u><a href=\"https:\/\/weprint3.de\/index.php\/stereolithografie\/\">SLA<\/a><\/u><\/strong><\/h2>\n\n\n\n<p>Die Materialien f\u00fcr den SLA Druck sind vorrangig f\u00fcr Deko-Zwecke gedacht, jedoch gibt es inzwischen auch hier sehr robuste Materialien die f\u00fcr technische Zwecke geeignet sind. Im Besonderen gibt es hier temperaturfeste und elastische Materialien. Da sich diese fl\u00fcssigen Materialien gut mischen lassen sind hier beliebige Farben m\u00f6glich.<\/p>\n","protected":false},"excerpt":{"rendered":"<p>Wir beraten Sie gerne welcher Kunststoff f\u00fcr Ihren Einsatzbereich geeignet ist.Auf Wunsch fragen Sie uns gerne nach Materialmustern. FDM Im FDM-Druck hat man die gr\u00f6\u00dfte Auswahl an Materialien.Hier eine Darstellung der wichtigsten Werkstoffe: PLA \u2013 \u201ePolylactic Acid\u201cDas g\u00fcnstigste Material. Haupt &hellip; <a href=\"https:\/\/weprint3.de\/index.php\/materialien\/\"><br \/>Zu dieser Seite wechseln <span class=\"meta-nav\">&rarr;<\/span><\/a><\/p>\n","protected":false},"author":2,"featured_media":0,"parent":0,"menu_order":0,"comment_status":"closed","ping_status":"closed","template":"","meta":{"footnotes":""},"class_list":["post-1008","page","type-page","status-publish","hentry"],"yoast_head":"<!-- This site is optimized with the Yoast SEO plugin v27.4 - https:\/\/yoast.com\/product\/yoast-seo-wordpress\/ -->\r\n<title>Materialien -<\/title>\r\n<meta name=\"robots\" content=\"index, follow, max-snippet:-1, max-image-preview:large, max-video-preview:-1\" \/>\r\n<link rel=\"canonical\" href=\"https:\/\/weprint3.de\/index.php\/materialien\/\" \/>\r\n<meta property=\"og:locale\" content=\"de_DE\" \/>\r\n<meta property=\"og:type\" content=\"article\" \/>\r\n<meta property=\"og:title\" content=\"Materialien -\" \/>\r\n<meta property=\"og:description\" content=\"Wir beraten Sie gerne welcher Kunststoff f\u00fcr Ihren Einsatzbereich geeignet ist.Auf Wunsch fragen Sie uns gerne nach Materialmustern. FDM Im FDM-Druck hat man die gr\u00f6\u00dfte Auswahl an Materialien.Hier eine Darstellung der wichtigsten Werkstoffe: PLA \u2013 \u201ePolylactic Acid\u201cDas g\u00fcnstigste Material. Haupt &hellip; Zu dieser Seite wechseln &rarr;\" \/>\r\n<meta property=\"og:url\" content=\"https:\/\/weprint3.de\/index.php\/materialien\/\" \/>\r\n<meta property=\"article:modified_time\" content=\"2020-03-10T14:09:55+00:00\" \/>\r\n<meta name=\"twitter:card\" content=\"summary_large_image\" \/>\r\n<meta name=\"twitter:label1\" content=\"Gesch\u00e4tzte Lesezeit\" \/>\n\t<meta name=\"twitter:data1\" content=\"2\u00a0Minuten\" \/>\r\n<script type=\"application\/ld+json\" class=\"yoast-schema-graph\">{\"@context\":\"https:\\\/\\\/schema.org\",\"@graph\":[{\"@type\":\"WebPage\",\"@id\":\"https:\\\/\\\/weprint3.de\\\/index.php\\\/materialien\\\/\",\"url\":\"https:\\\/\\\/weprint3.de\\\/index.php\\\/materialien\\\/\",\"name\":\"Materialien -\",\"isPartOf\":{\"@id\":\"https:\\\/\\\/weprint3.de\\\/#website\"},\"datePublished\":\"2020-02-24T10:56:52+00:00\",\"dateModified\":\"2020-03-10T14:09:55+00:00\",\"breadcrumb\":{\"@id\":\"https:\\\/\\\/weprint3.de\\\/index.php\\\/materialien\\\/#breadcrumb\"},\"inLanguage\":\"de\",\"potentialAction\":[{\"@type\":\"ReadAction\",\"target\":[\"https:\\\/\\\/weprint3.de\\\/index.php\\\/materialien\\\/\"]}]},{\"@type\":\"BreadcrumbList\",\"@id\":\"https:\\\/\\\/weprint3.de\\\/index.php\\\/materialien\\\/#breadcrumb\",\"itemListElement\":[{\"@type\":\"ListItem\",\"position\":1,\"name\":\"Startseite\",\"item\":\"https:\\\/\\\/weprint3.de\\\/\"},{\"@type\":\"ListItem\",\"position\":2,\"name\":\"Materialien\"}]},{\"@type\":\"WebSite\",\"@id\":\"https:\\\/\\\/weprint3.de\\\/#website\",\"url\":\"https:\\\/\\\/weprint3.de\\\/\",\"name\":\"WePrint3.De\",\"description\":\"\",\"publisher\":{\"@id\":\"https:\\\/\\\/weprint3.de\\\/#organization\"},\"potentialAction\":[{\"@type\":\"SearchAction\",\"target\":{\"@type\":\"EntryPoint\",\"urlTemplate\":\"https:\\\/\\\/weprint3.de\\\/?s={search_term_string}\"},\"query-input\":{\"@type\":\"PropertyValueSpecification\",\"valueRequired\":true,\"valueName\":\"search_term_string\"}}],\"inLanguage\":\"de\"},{\"@type\":\"Organization\",\"@id\":\"https:\\\/\\\/weprint3.de\\\/#organization\",\"name\":\"WePrint3.De\",\"url\":\"https:\\\/\\\/weprint3.de\\\/\",\"logo\":{\"@type\":\"ImageObject\",\"inLanguage\":\"de\",\"@id\":\"https:\\\/\\\/weprint3.de\\\/#\\\/schema\\\/logo\\\/image\\\/\",\"url\":\"https:\\\/\\\/weprint3.de\\\/wp-content\\\/uploads\\\/2019\\\/11\\\/W.png\",\"contentUrl\":\"https:\\\/\\\/weprint3.de\\\/wp-content\\\/uploads\\\/2019\\\/11\\\/W.png\",\"width\":90,\"height\":87,\"caption\":\"WePrint3.De\"},\"image\":{\"@id\":\"https:\\\/\\\/weprint3.de\\\/#\\\/schema\\\/logo\\\/image\\\/\"}}]}<\/script>\r\n<!-- \/ Yoast SEO plugin. -->","yoast_head_json":{"title":"Materialien -","robots":{"index":"index","follow":"follow","max-snippet":"max-snippet:-1","max-image-preview":"max-image-preview:large","max-video-preview":"max-video-preview:-1"},"canonical":"https:\/\/weprint3.de\/index.php\/materialien\/","og_locale":"de_DE","og_type":"article","og_title":"Materialien -","og_description":"Wir beraten Sie gerne welcher Kunststoff f\u00fcr Ihren Einsatzbereich geeignet ist.Auf Wunsch fragen Sie uns gerne nach Materialmustern. FDM Im FDM-Druck hat man die gr\u00f6\u00dfte Auswahl an Materialien.Hier eine Darstellung der wichtigsten Werkstoffe: PLA \u2013 \u201ePolylactic Acid\u201cDas g\u00fcnstigste Material. Haupt &hellip; Zu dieser Seite wechseln &rarr;","og_url":"https:\/\/weprint3.de\/index.php\/materialien\/","article_modified_time":"2020-03-10T14:09:55+00:00","twitter_card":"summary_large_image","twitter_misc":{"Gesch\u00e4tzte Lesezeit":"2\u00a0Minuten"},"schema":{"@context":"https:\/\/schema.org","@graph":[{"@type":"WebPage","@id":"https:\/\/weprint3.de\/index.php\/materialien\/","url":"https:\/\/weprint3.de\/index.php\/materialien\/","name":"Materialien -","isPartOf":{"@id":"https:\/\/weprint3.de\/#website"},"datePublished":"2020-02-24T10:56:52+00:00","dateModified":"2020-03-10T14:09:55+00:00","breadcrumb":{"@id":"https:\/\/weprint3.de\/index.php\/materialien\/#breadcrumb"},"inLanguage":"de","potentialAction":[{"@type":"ReadAction","target":["https:\/\/weprint3.de\/index.php\/materialien\/"]}]},{"@type":"BreadcrumbList","@id":"https:\/\/weprint3.de\/index.php\/materialien\/#breadcrumb","itemListElement":[{"@type":"ListItem","position":1,"name":"Startseite","item":"https:\/\/weprint3.de\/"},{"@type":"ListItem","position":2,"name":"Materialien"}]},{"@type":"WebSite","@id":"https:\/\/weprint3.de\/#website","url":"https:\/\/weprint3.de\/","name":"WePrint3.De","description":"","publisher":{"@id":"https:\/\/weprint3.de\/#organization"},"potentialAction":[{"@type":"SearchAction","target":{"@type":"EntryPoint","urlTemplate":"https:\/\/weprint3.de\/?s={search_term_string}"},"query-input":{"@type":"PropertyValueSpecification","valueRequired":true,"valueName":"search_term_string"}}],"inLanguage":"de"},{"@type":"Organization","@id":"https:\/\/weprint3.de\/#organization","name":"WePrint3.De","url":"https:\/\/weprint3.de\/","logo":{"@type":"ImageObject","inLanguage":"de","@id":"https:\/\/weprint3.de\/#\/schema\/logo\/image\/","url":"https:\/\/weprint3.de\/wp-content\/uploads\/2019\/11\/W.png","contentUrl":"https:\/\/weprint3.de\/wp-content\/uploads\/2019\/11\/W.png","width":90,"height":87,"caption":"WePrint3.De"},"image":{"@id":"https:\/\/weprint3.de\/#\/schema\/logo\/image\/"}}]}},"_links":{"self":[{"href":"https:\/\/weprint3.de\/index.php\/wp-json\/wp\/v2\/pages\/1008","targetHints":{"allow":["GET"]}}],"collection":[{"href":"https:\/\/weprint3.de\/index.php\/wp-json\/wp\/v2\/pages"}],"about":[{"href":"https:\/\/weprint3.de\/index.php\/wp-json\/wp\/v2\/types\/page"}],"author":[{"embeddable":true,"href":"https:\/\/weprint3.de\/index.php\/wp-json\/wp\/v2\/users\/2"}],"replies":[{"embeddable":true,"href":"https:\/\/weprint3.de\/index.php\/wp-json\/wp\/v2\/comments?post=1008"}],"version-history":[{"count":0,"href":"https:\/\/weprint3.de\/index.php\/wp-json\/wp\/v2\/pages\/1008\/revisions"}],"wp:attachment":[{"href":"https:\/\/weprint3.de\/index.php\/wp-json\/wp\/v2\/media?parent=1008"}],"curies":[{"name":"wp","href":"https:\/\/api.w.org\/{rel}","templated":true}]}}